{"id":955,"date":"2018-04-11T07:14:44","date_gmt":"2018-04-11T07:14:44","guid":{"rendered":"https:\/\/le-bettex.com\/home-1-2\/"},"modified":"2024-06-18T17:11:23","modified_gmt":"2024-06-18T15:11:23","slug":"trouvez-le-chalet-de-vos-reves-au-bettex-pour-un-sejour-inoubliable-au-ski-en-famille-ou-entre-amis","status":"publish","type":"page","link":"https:\/\/le-bettex.com\/fr\/","title":{"rendered":"Accueil"},"content":{"rendered":"<p>[vc_row full_width=&#8221;stretch_row&#8221; parallax=&#8221;content-moving&#8221; parallax_image=&#8221;1366&#8243; el_class=&#8221;wrapper-visible&#8221; css=&#8221;.vc_custom_1540892422655{background-color: #e8e1e1 !important;}&#8221;][vc_column][vc_empty_space height=&#8221;55px&#8221;][vc_empty_space height=&#8221;55px&#8221; el_class=&#8221;hidden-xs hidden-sm&#8221;][vc_empty_space height=&#8221;130px&#8221; el_class=&#8221;hidden-xs hidden-sm&#8221;][apus_title_heading title=&#8221;TROUVEZ LE CHALET DE VOS R\u00caVES AU BETTEX&#8221; descript=&#8221;le Bettex-village des 3 vall\u00e9es skis aux pieds!&#8221; style=&#8221;center_white&#8221;][vc_empty_space height=&#8221;35px&#8221;][vc_row_inner][vc_column_inner]\n<div id=\"b24_widget_6a06f07023d3d\"><span style=\"color:#fff\">Booking widget b24_widget_6a06f07023d3d<\/span><\/div>\n\n<!-- jquery widget code -->\n<script>\njQuery(document).ready(function() {var b24Attr={widgettype:\"BookingStrip\",ownerid:\"10391\",propid:\"17869\",alignment:\"center\",boxShadow:true,buttonTitle:\"Choisissez votre chalet au Bettex\",dateFormat:\"dd.mm.yy\",dateSelection:\"1\",defaultNightsAdvance:\"7\",defaultNumAdult:\"10\",defaultNumNight:\"7\",fontSize:\"14px\",formAction:\"booking\",formTarget:\"_parent\",maxAdult:\"14\",peopleSelection:\"1\",referer:\"lebettaix-com\",showLabels:true,weekFirstDay:\"6\",widgetLang:\"fr\",widgetTitle:\"Widget title\",widgetType:\"BookingStrip\",};jQuery('#b24_widget_6a06f07023d3d').bookWidget(b24Attr);});\n<\/script>\n\n[\/vc_column_inner][\/vc_row_inner][vc_empty_space height=\"75px\" el_class=\"hidden-xs hidden-sm\"][vc_empty_space height=\"1px\"][\/vc_column][\/vc_row][vc_row][vc_column][vc_empty_space height=\"145px\"][apus_title_heading title=\"Pr\u00eat pour une semaine de ski inoubliable dans les 3 Vall\u00e9es?\" descript=\"Touvez le chalet id\u00e9al au Bettex au pied des pistes des Menuires-3 Vall\u00e9es pour des vacances au ski exceptionelles avec famille et amis.<\/p>\n<p>Offrez vous le confort d'un grand chalet parfaitement \u00e9quip\u00e9 rien que pour vous et savourez le luxe d'un sauna, jacuzzi ou billard.\" style=\"center\"][vc_empty_space height=\"25px\"][apus_listings types=\"featured\" columns=\"4\" style=\"carousel\" categories=\"with-hot-tub-and-sauna\" title=\"Chalets au Bettex avec jacuzzi et sauna\" subtitle=\"Profitez d'un grand chalet rien que pour vous avec sauna et jaccuzzi\"][vc_empty_space height=\"25px\"][apus_listings types=\"featured\" columns=\"4\" style=\"carousel\" categories=\"avec-sauna-et-terrasse\" title=\"Chalets au Bettex avec spa priv\u00e9, sauna et salle de jeu\" subtitle=\"Profitez d'un beau chalet individuel au Bettex avec terrasse et sauna. Au pied des pistes des menuires -3 Vall\u00e9es\"][\/vc_column][\/vc_row][vc_row full_width=\"stretch_row_content_no_spaces\"][vc_column][vc_separator color=\"custom\" accent_color=\"#e8e8e8\" css=\".vc_custom_1525839994596{margin-top: 0px !important;margin-bottom: 1px !important;}\"][\/vc_column][\/vc_row][vc_row full_width=\"stretch_row_content\" css=\".vc_custom_1718723480880{margin-top: 30px !important;margin-bottom: 30px !important;}\"][vc_column css=\".vc_custom_1718723437690{background-color: #e8e8e8 !important;}\"][vc_raw_html]JTVCZ3J3JTIwaWQlM0Q0NTE1JTVE[\/vc_raw_html][\/vc_column][\/vc_row][vc_row full_width=\"stretch_row_content_no_spaces\"][vc_column][vc_separator color=\"custom\" accent_color=\"#e8e8e8\" css=\".vc_custom_1525839994596{margin-top: 0px !important;margin-bottom: 1px !important;}\"][\/vc_column][\/vc_row][vc_row][vc_column][vc_empty_space height=\"15px\"][apus_title_heading title=\"Infos pratiques\" descript=\"Tout ce qu'il faut savoir sur les forfaits , la location de ski, les activit\u00e9s et derniers \u00e9v\u00e9nements\" style=\"center\"][vc_empty_space height=\"25px\"][apus_gridposts show_pagination=\"yes\" grid_columns=\"3\" layout_type=\"carousel\" loop=\"size:3|order_by:date|post_type:post\" thumbsize=\"370x400\"][\/vc_column][\/vc_row]<\/p>\n","protected":false},"excerpt":{"rendered":"<p>[vc_row full_width=&#8221;stretch_row&#8221; parallax=&#8221;content-moving&#8221; parallax_image=&#8221;1366&#8243; el_class=&#8221;wrapper-visible&#8221; css=&#8221;.vc_custom_1540892422655{background-color: #e8e1e1 !important;}&#8221;][vc_column][vc_empty_space height=&#8221;55px&#8221;][vc_empty_space height=&#8221;55px&#8221; el_class=&#8221;hidden-xs hidden-sm&#8221;][vc_empty_space height=&#8221;130px&#8221; el_class=&#8221;hidden-xs hidden-sm&#8221;][apus_title_heading title=&#8221;TROUVEZ LE CHALET DE VOS R\u00caVES AU BETTEX&#8221; descript=&#8221;le Bettex-village des 3 vall\u00e9es skis aux pieds!&#8221; style=&#8221;center_white&#8221;][vc_empty_space height=&#8221;35px&#8221;][vc_row_inner][vc_column_inner][\/vc_column_inner][\/vc_row_inner][vc_empty_space height=&#8221;75px&#8221; el_class=&#8221;hidden-xs hidden-sm&#8221;][vc_empty_space height=&#8221;1px&#8221;][\/vc_column][\/vc_row][vc_row][vc_column][vc_empty_space height=&#8221;145px&#8221;][apus_title_heading title=&#8221;Pr\u00eat pour une semaine de ski inoubliable dans les 3 Vall\u00e9es?&#8221; descript=&#8221;Touvez le chalet id\u00e9al au Bettex &hellip; <br \/><a href=\"https:\/\/le-bettex.com\/fr\/\" class=\"more-link\">Continue reading <span class=\"screen-reader-text\">Accueil<\/span><\/a><\/p>\n","protected":false},"author":1,"featured_media":0,"parent":0,"menu_order":0,"comment_status":"closed","ping_status":"closed","template":"","meta":{"_acf_changed":false,"footnotes":""},"class_list":["post-955","page","type-page","status-publish","hentry"],"acf":[],"yoast_head":"<!-- This site is optimized with the Yoast SEO plugin v25.0 - https:\/\/yoast.com\/wordpress\/plugins\/seo\/ -->\n<title>Location de chalets au Bettex au pied des pistes des Menuires<\/title>\n<meta name=\"description\" content=\"R\u00e9servez le chalet de vos r\u00eaves au Bettex pour un s\u00e9jour inoubliable au ski dans le domaine skiable des 3 Vall\u00e9es.Chalets avec sauna, jacuzzi, billard, WiFi\" \/>\n<meta name=\"robots\" content=\"index, follow, max-snippet:-1, max-image-preview:large, max-video-preview:-1\" \/>\n<link rel=\"canonical\" href=\"https:\/\/le-bettex.com\/fr\/\" \/>\n<meta property=\"og:locale\" content=\"fr_FR\" \/>\n<meta property=\"og:type\" content=\"article\" \/>\n<meta property=\"og:title\" content=\"Location de chalets au Bettex au pied des pistes des Menuires\" \/>\n<meta property=\"og:description\" content=\"R\u00e9servez le chalet de vos r\u00eaves au Bettex pour un s\u00e9jour inoubliable au ski dans le domaine skiable des 3 Vall\u00e9es.Chalets avec sauna, jacuzzi, billard, WiFi\" \/>\n<meta property=\"og:url\" content=\"https:\/\/le-bettex.com\/fr\/\" \/>\n<meta property=\"og:site_name\" content=\"Le Bettex\" \/>\n<meta property=\"article:modified_time\" content=\"2024-06-18T15:11:23+00:00\" \/>\n<meta name=\"twitter:card\" content=\"summary_large_image\" \/>\n<meta name=\"twitter:label1\" content=\"Est. reading time\" \/>\n\t<meta name=\"twitter:data1\" content=\"2 minutes\" \/>\n<script type=\"application\/ld+json\" class=\"yoast-schema-graph\">{\"@context\":\"https:\/\/schema.org\",\"@graph\":[{\"@type\":\"WebPage\",\"@id\":\"https:\/\/le-bettex.com\/fr\/\",\"url\":\"https:\/\/le-bettex.com\/fr\/\",\"name\":\"Location de chalets au Bettex au pied des pistes des Menuires\",\"isPartOf\":{\"@id\":\"https:\/\/le-bettex.com\/#website\"},\"datePublished\":\"2018-04-11T07:14:44+00:00\",\"dateModified\":\"2024-06-18T15:11:23+00:00\",\"description\":\"R\u00e9servez le chalet de vos r\u00eaves au Bettex pour un s\u00e9jour inoubliable au ski dans le domaine skiable des 3 Vall\u00e9es.Chalets avec sauna, jacuzzi, billard, WiFi\",\"breadcrumb\":{\"@id\":\"https:\/\/le-bettex.com\/fr\/#breadcrumb\"},\"inLanguage\":\"fr-FR\",\"potentialAction\":[{\"@type\":\"ReadAction\",\"target\":[\"https:\/\/le-bettex.com\/fr\/\"]}]},{\"@type\":\"BreadcrumbList\",\"@id\":\"https:\/\/le-bettex.com\/fr\/#breadcrumb\",\"itemListElement\":[{\"@type\":\"ListItem\",\"position\":1,\"name\":\"Home\",\"item\":\"https:\/\/le-bettex.com\/fr\/\"},{\"@type\":\"ListItem\",\"position\":2,\"name\":\"Accueil\"}]},{\"@type\":\"WebSite\",\"@id\":\"https:\/\/le-bettex.com\/#website\",\"url\":\"https:\/\/le-bettex.com\/\",\"name\":\"Le Bettex\",\"description\":\"\",\"potentialAction\":[{\"@type\":\"SearchAction\",\"target\":{\"@type\":\"EntryPoint\",\"urlTemplate\":\"https:\/\/le-bettex.com\/?s={search_term_string}\"},\"query-input\":{\"@type\":\"PropertyValueSpecification\",\"valueRequired\":true,\"valueName\":\"search_term_string\"}}],\"inLanguage\":\"fr-FR\"}]}<\/script>\n<!-- \/ Yoast SEO plugin. -->","yoast_head_json":{"title":"Location de chalets au Bettex au pied des pistes des Menuires","description":"R\u00e9servez le chalet de vos r\u00eaves au Bettex pour un s\u00e9jour inoubliable au ski dans le domaine skiable des 3 Vall\u00e9es.Chalets avec sauna, jacuzzi, billard, WiFi","robots":{"index":"index","follow":"follow","max-snippet":"max-snippet:-1","max-image-preview":"max-image-preview:large","max-video-preview":"max-video-preview:-1"},"canonical":"https:\/\/le-bettex.com\/fr\/","og_locale":"fr_FR","og_type":"article","og_title":"Location de chalets au Bettex au pied des pistes des Menuires","og_description":"R\u00e9servez le chalet de vos r\u00eaves au Bettex pour un s\u00e9jour inoubliable au ski dans le domaine skiable des 3 Vall\u00e9es.Chalets avec sauna, jacuzzi, billard, WiFi","og_url":"https:\/\/le-bettex.com\/fr\/","og_site_name":"Le Bettex","article_modified_time":"2024-06-18T15:11:23+00:00","twitter_card":"summary_large_image","twitter_misc":{"Est. reading time":"2 minutes"},"schema":{"@context":"https:\/\/schema.org","@graph":[{"@type":"WebPage","@id":"https:\/\/le-bettex.com\/fr\/","url":"https:\/\/le-bettex.com\/fr\/","name":"Location de chalets au Bettex au pied des pistes des Menuires","isPartOf":{"@id":"https:\/\/le-bettex.com\/#website"},"datePublished":"2018-04-11T07:14:44+00:00","dateModified":"2024-06-18T15:11:23+00:00","description":"R\u00e9servez le chalet de vos r\u00eaves au Bettex pour un s\u00e9jour inoubliable au ski dans le domaine skiable des 3 Vall\u00e9es.Chalets avec sauna, jacuzzi, billard, WiFi","breadcrumb":{"@id":"https:\/\/le-bettex.com\/fr\/#breadcrumb"},"inLanguage":"fr-FR","potentialAction":[{"@type":"ReadAction","target":["https:\/\/le-bettex.com\/fr\/"]}]},{"@type":"BreadcrumbList","@id":"https:\/\/le-bettex.com\/fr\/#breadcrumb","itemListElement":[{"@type":"ListItem","position":1,"name":"Home","item":"https:\/\/le-bettex.com\/fr\/"},{"@type":"ListItem","position":2,"name":"Accueil"}]},{"@type":"WebSite","@id":"https:\/\/le-bettex.com\/#website","url":"https:\/\/le-bettex.com\/","name":"Le Bettex","description":"","potentialAction":[{"@type":"SearchAction","target":{"@type":"EntryPoint","urlTemplate":"https:\/\/le-bettex.com\/?s={search_term_string}"},"query-input":{"@type":"PropertyValueSpecification","valueRequired":true,"valueName":"search_term_string"}}],"inLanguage":"fr-FR"}]}},"_links":{"self":[{"href":"https:\/\/le-bettex.com\/fr\/wp-json\/wp\/v2\/pages\/955","targetHints":{"allow":["GET"]}}],"collection":[{"href":"https:\/\/le-bettex.com\/fr\/wp-json\/wp\/v2\/pages"}],"about":[{"href":"https:\/\/le-bettex.com\/fr\/wp-json\/wp\/v2\/types\/page"}],"author":[{"embeddable":true,"href":"https:\/\/le-bettex.com\/fr\/wp-json\/wp\/v2\/users\/1"}],"replies":[{"embeddable":true,"href":"https:\/\/le-bettex.com\/fr\/wp-json\/wp\/v2\/comments?post=955"}],"version-history":[{"count":9,"href":"https:\/\/le-bettex.com\/fr\/wp-json\/wp\/v2\/pages\/955\/revisions"}],"predecessor-version":[{"id":4522,"href":"https:\/\/le-bettex.com\/fr\/wp-json\/wp\/v2\/pages\/955\/revisions\/4522"}],"wp:attachment":[{"href":"https:\/\/le-bettex.com\/fr\/wp-json\/wp\/v2\/media?parent=955"}],"curies":[{"name":"wp","href":"https:\/\/api.w.org\/{rel}","templated":true}]}}