{"id":2063,"date":"2019-03-23T12:56:34","date_gmt":"2019-03-23T11:56:34","guid":{"rendered":"https:\/\/le-bettex.com\/le-bettex\/"},"modified":"2019-03-28T14:45:49","modified_gmt":"2019-03-28T13:45:49","slug":"le-bettex-village-des-3-vallees-skis-aux-pieds","status":"publish","type":"page","link":"https:\/\/le-bettex.com\/fr\/le-bettex-village-des-3-vallees-skis-aux-pieds\/","title":{"rendered":"Le Bettex"},"content":{"rendered":"<p>[vc_row][vc_column width=&#8221;11\/12&#8243;][vc_custom_heading text=&#8221;LE BETTEX &#8211; VILLAGE DES 3 VALL\u00c9ES &#8211; SKIS AUX PIEDS&#8221; font_container=&#8221;tag:h2|font_size:18px|text_align:left|color:%23242423&#8243; use_theme_fonts=&#8221;yes&#8221; css=&#8221;.vc_custom_1553345190564{margin-top: 0px !important;margin-bottom: 5px !important;}&#8221;][vc_column_text]Nich\u00e9 dans la Vall\u00e9e des Bellevilles en Savoie-Tarentaise, le Bettex est un village typiquement savoyard qui a su profiter du d\u00e9veloppement touristique tout en conservant son \u00e2me.<\/p>\n<p>Situ\u00e9 <strong>\u00e0 1568m d\u2019altitude<\/strong>, le village est travers\u00e9 par la rivi\u00e8re Doron et surplomb\u00e9 par la montagne du Teurre connue pour son itin\u00e9raire hors-piste. Le Bettex b\u00e9n\u00e9ficie de par sa situation d\u2019une vue imprenable sur les montagnes des Menuires et de Val Thorens<\/p>\n<p><strong>L\u2019atout principal du village est sa situation au pied des <a href=\"https:\/\/le-bettex.com\/fr\/les-3-vallees\/\">pistes de ski des 3 Vall\u00e9es<\/a> (600 km de pistes)<\/strong><\/p>\n<p><strong>Le t\u00e9l\u00e9si\u00e8ge 4 places Bettex permet de rejoindre directement les pistes des 3 Vall\u00e9es et le centre <a href=\"\/?page_id=1539\">station des Menuires<\/a> en 7 minutes.<\/strong><\/p>\n<p>En effet arriv\u00e9 au sommet du t\u00e9l\u00e9si\u00e8ge il est possible de rejoindre ais\u00e9ment le secteur du Mont de la chambre, ou les autres domaines des 3 Vall\u00e9es (Val Thorens, M\u00e9ribel, Courchevel) ou encore d\u2019acc\u00e9der au secteur de la Masse.<\/p>\n<p>La piste bleue Bettex \u00e9quip\u00e9e de canons \u00e0 neige permet un retour au village facile m\u00eame pour les enfants, et cela jusqu\u2019\u00e0 la fin de la saison d\u2019hiver.<\/p>\n<p>Le hameau du Bettex dispose de 2 magasins de <a href=\"https:\/\/le-bettex.com\/fr\/forfaits-et-location-de-ski\/\">location de ski<\/a>, permettant ainsi aux vacanciers de s\u2019\u00e9quiper sans prendre la voiture.<\/p>\n<p>Les supermarch\u00e9s, boutiques, restaurants, centre sportifs, <a href=\"https:\/\/www.esf-lesmenuires.fr\/les-menuires?hoteid=405\">\u00e9cole de ski<\/a>, etc. sont situ\u00e9s aux <a href=\"https:\/\/www.lesmenuires.com\" target=\"_blank\" rel=\"noopener noreferrer\">Menuires<\/a> et \u00e0 <a href=\"https:\/\/st-martin-belleville.com\/\" target=\"_blank\" rel=\"noopener noreferrer\">Saint Martin de Belleville<\/a> et rapidement accessibles en voiture.<\/p>\n<p>&nbsp;<\/p>\n<p>Vous serez peut-\u00eatre surpris de voir le nom du village tant\u00f4t \u00e9crit Bettaix, tant\u00f4t Bettex !<\/p>\n<p>Il faut dire que jusqu\u2019en 2018 les panneaux d\u2019entr\u00e9e et de sortie du village avaient 2 orthographes diff\u00e9rentes\u00a0! Le choix s\u2019est port\u00e9 en 2018 sur Bettex\u00a0!<\/p>\n<p>Enfin nous sommes fier au Bettex de notre champion local de biathlon &#8211; Vincent Jay &#8211; m\u00e9daill\u00e9 au Jeux Olympiques de Vancouver en 2010 avec une m\u00e9daille d\u2019or en sprint et m\u00e9daille de bronze en poursuite.<\/p>\n<p><strong><u>Le Bettex en bref :<\/u><\/strong><\/p>\n<ul>\n<li>Altitude 1568m<\/li>\n<li>Au pied des pistes du domaine skiable des Menuires -3 Vall\u00e9es<\/li>\n<li>T\u00e9l\u00e9si\u00e8ge 4 places &#8211; mont\u00e9e en 7 minutes aux Menuires<\/li>\n<li>Piste bleue Bettex permettant un retour \u00e0 ski au village<\/li>\n<li>2 magasins de location de ski<\/li>\n<li>\u00a0Commerces, centre sportif, \u00e9cole de ski, centre m\u00e9dical, pharmacie, etc. aux Menuires et \u00e0 St Martin \u00e0 5 km<\/li>\n<\/ul>\n<p>[\/vc_column_text][vc_column_text css=&#8221;.vc_custom_1553780725727{border-radius: 2px !important;}&#8221;]<\/p>\n<h4><a href=\"https:\/\/lesmenuires.com\/r\/!\/u\/VYtCqnv\" target=\"_blank\" rel=\"noopener noreferrer\">\u00bbPlan des pistes les Menuires\/ St Martin<\/a><\/h4>\n<p>[\/vc_column_text][\/vc_column][\/vc_row][vc_row][vc_column][vc_images_carousel images=&#8221;2032,2023,1384,2029,2026,2042,2054,2017,2020&#8243; img_size=&#8221;800&#215;400&#8243; wrap=&#8221;yes&#8221; title=&#8221;Photos du Bettex&#8221;][\/vc_column][\/vc_row]<\/p>\n","protected":false},"excerpt":{"rendered":"<p>[vc_row][vc_column width=&#8221;11\/12&#8243;][vc_custom_heading text=&#8221;LE BETTEX &#8211; VILLAGE DES 3 VALL\u00c9ES &#8211; SKIS AUX PIEDS&#8221; font_container=&#8221;tag:h2|font_size:18px|text_align:left|color:%23242423&#8243; use_theme_fonts=&#8221;yes&#8221; css=&#8221;.vc_custom_1553345190564{margin-top: 0px !important;margin-bottom: 5px !important;}&#8221;][vc_column_text]Nich\u00e9 dans la Vall\u00e9e des Bellevilles en Savoie-Tarentaise, le Bettex est un village typiquement savoyard qui a su profiter du d\u00e9veloppement touristique tout en conservant son \u00e2me. Situ\u00e9 \u00e0 1568m d\u2019altitude, le village est travers\u00e9 par &hellip; <br \/><a href=\"https:\/\/le-bettex.com\/fr\/le-bettex-village-des-3-vallees-skis-aux-pieds\/\" class=\"more-link\">Continue reading <span class=\"screen-reader-text\">Le Bettex<\/span><\/a><\/p>\n","protected":false},"author":2,"featured_media":0,"parent":0,"menu_order":0,"comment_status":"closed","ping_status":"closed","template":"","meta":{"_acf_changed":false,"footnotes":""},"class_list":["post-2063","page","type-page","status-publish","hentry"],"acf":[],"yoast_head":"<!-- This site is optimized with the Yoast SEO plugin v25.0 - https:\/\/yoast.com\/wordpress\/plugins\/seo\/ -->\n<title>Le Bettex - Le Bettex<\/title>\n<meta name=\"description\" content=\"Nich\u00e9 dans la Vall\u00e9e des Bellevilles en Savoie-Tarentaise, le Bettex est un village typiquement savoyard au pied des pistes de ski\" \/>\n<meta name=\"robots\" content=\"index, follow, max-snippet:-1, max-image-preview:large, max-video-preview:-1\" \/>\n<link rel=\"canonical\" href=\"https:\/\/le-bettex.com\/fr\/le-bettex-village-des-3-vallees-skis-aux-pieds\/\" \/>\n<meta property=\"og:locale\" content=\"fr_FR\" \/>\n<meta property=\"og:type\" content=\"article\" \/>\n<meta property=\"og:title\" content=\"Le Bettex - Le Bettex\" \/>\n<meta property=\"og:description\" content=\"Nich\u00e9 dans la Vall\u00e9e des Bellevilles en Savoie-Tarentaise, le Bettex est un village typiquement savoyard au pied des pistes de ski\" \/>\n<meta property=\"og:url\" content=\"https:\/\/le-bettex.com\/fr\/le-bettex-village-des-3-vallees-skis-aux-pieds\/\" \/>\n<meta property=\"og:site_name\" content=\"Le Bettex\" \/>\n<meta property=\"article:modified_time\" content=\"2019-03-28T13:45:49+00:00\" \/>\n<meta name=\"twitter:card\" content=\"summary_large_image\" \/>\n<meta name=\"twitter:label1\" content=\"Est. reading time\" \/>\n\t<meta name=\"twitter:data1\" content=\"2 minutes\" \/>\n<script type=\"application\/ld+json\" class=\"yoast-schema-graph\">{\"@context\":\"https:\/\/schema.org\",\"@graph\":[{\"@type\":\"WebPage\",\"@id\":\"https:\/\/le-bettex.com\/fr\/le-bettex-village-des-3-vallees-skis-aux-pieds\/\",\"url\":\"https:\/\/le-bettex.com\/fr\/le-bettex-village-des-3-vallees-skis-aux-pieds\/\",\"name\":\"Le Bettex - Le Bettex\",\"isPartOf\":{\"@id\":\"https:\/\/le-bettex.com\/#website\"},\"datePublished\":\"2019-03-23T11:56:34+00:00\",\"dateModified\":\"2019-03-28T13:45:49+00:00\",\"description\":\"Nich\u00e9 dans la Vall\u00e9e des Bellevilles en Savoie-Tarentaise, le Bettex est un village typiquement savoyard au pied des pistes de ski\",\"breadcrumb\":{\"@id\":\"https:\/\/le-bettex.com\/fr\/le-bettex-village-des-3-vallees-skis-aux-pieds\/#breadcrumb\"},\"inLanguage\":\"fr-FR\",\"potentialAction\":[{\"@type\":\"ReadAction\",\"target\":[\"https:\/\/le-bettex.com\/fr\/le-bettex-village-des-3-vallees-skis-aux-pieds\/\"]}]},{\"@type\":\"BreadcrumbList\",\"@id\":\"https:\/\/le-bettex.com\/fr\/le-bettex-village-des-3-vallees-skis-aux-pieds\/#breadcrumb\",\"itemListElement\":[{\"@type\":\"ListItem\",\"position\":1,\"name\":\"Home\",\"item\":\"https:\/\/le-bettex.com\/fr\/\"},{\"@type\":\"ListItem\",\"position\":2,\"name\":\"Le Bettex\"}]},{\"@type\":\"WebSite\",\"@id\":\"https:\/\/le-bettex.com\/#website\",\"url\":\"https:\/\/le-bettex.com\/\",\"name\":\"Le Bettex\",\"description\":\"\",\"potentialAction\":[{\"@type\":\"SearchAction\",\"target\":{\"@type\":\"EntryPoint\",\"urlTemplate\":\"https:\/\/le-bettex.com\/?s={search_term_string}\"},\"query-input\":{\"@type\":\"PropertyValueSpecification\",\"valueRequired\":true,\"valueName\":\"search_term_string\"}}],\"inLanguage\":\"fr-FR\"}]}<\/script>\n<!-- \/ Yoast SEO plugin. -->","yoast_head_json":{"title":"Le Bettex - Le Bettex","description":"Nich\u00e9 dans la Vall\u00e9e des Bellevilles en Savoie-Tarentaise, le Bettex est un village typiquement savoyard au pied des pistes de ski","robots":{"index":"index","follow":"follow","max-snippet":"max-snippet:-1","max-image-preview":"max-image-preview:large","max-video-preview":"max-video-preview:-1"},"canonical":"https:\/\/le-bettex.com\/fr\/le-bettex-village-des-3-vallees-skis-aux-pieds\/","og_locale":"fr_FR","og_type":"article","og_title":"Le Bettex - Le Bettex","og_description":"Nich\u00e9 dans la Vall\u00e9e des Bellevilles en Savoie-Tarentaise, le Bettex est un village typiquement savoyard au pied des pistes de ski","og_url":"https:\/\/le-bettex.com\/fr\/le-bettex-village-des-3-vallees-skis-aux-pieds\/","og_site_name":"Le Bettex","article_modified_time":"2019-03-28T13:45:49+00:00","twitter_card":"summary_large_image","twitter_misc":{"Est. reading time":"2 minutes"},"schema":{"@context":"https:\/\/schema.org","@graph":[{"@type":"WebPage","@id":"https:\/\/le-bettex.com\/fr\/le-bettex-village-des-3-vallees-skis-aux-pieds\/","url":"https:\/\/le-bettex.com\/fr\/le-bettex-village-des-3-vallees-skis-aux-pieds\/","name":"Le Bettex - Le Bettex","isPartOf":{"@id":"https:\/\/le-bettex.com\/#website"},"datePublished":"2019-03-23T11:56:34+00:00","dateModified":"2019-03-28T13:45:49+00:00","description":"Nich\u00e9 dans la Vall\u00e9e des Bellevilles en Savoie-Tarentaise, le Bettex est un village typiquement savoyard au pied des pistes de ski","breadcrumb":{"@id":"https:\/\/le-bettex.com\/fr\/le-bettex-village-des-3-vallees-skis-aux-pieds\/#breadcrumb"},"inLanguage":"fr-FR","potentialAction":[{"@type":"ReadAction","target":["https:\/\/le-bettex.com\/fr\/le-bettex-village-des-3-vallees-skis-aux-pieds\/"]}]},{"@type":"BreadcrumbList","@id":"https:\/\/le-bettex.com\/fr\/le-bettex-village-des-3-vallees-skis-aux-pieds\/#breadcrumb","itemListElement":[{"@type":"ListItem","position":1,"name":"Home","item":"https:\/\/le-bettex.com\/fr\/"},{"@type":"ListItem","position":2,"name":"Le Bettex"}]},{"@type":"WebSite","@id":"https:\/\/le-bettex.com\/#website","url":"https:\/\/le-bettex.com\/","name":"Le Bettex","description":"","potentialAction":[{"@type":"SearchAction","target":{"@type":"EntryPoint","urlTemplate":"https:\/\/le-bettex.com\/?s={search_term_string}"},"query-input":{"@type":"PropertyValueSpecification","valueRequired":true,"valueName":"search_term_string"}}],"inLanguage":"fr-FR"}]}},"_links":{"self":[{"href":"https:\/\/le-bettex.com\/fr\/wp-json\/wp\/v2\/pages\/2063","targetHints":{"allow":["GET"]}}],"collection":[{"href":"https:\/\/le-bettex.com\/fr\/wp-json\/wp\/v2\/pages"}],"about":[{"href":"https:\/\/le-bettex.com\/fr\/wp-json\/wp\/v2\/types\/page"}],"author":[{"embeddable":true,"href":"https:\/\/le-bettex.com\/fr\/wp-json\/wp\/v2\/users\/2"}],"replies":[{"embeddable":true,"href":"https:\/\/le-bettex.com\/fr\/wp-json\/wp\/v2\/comments?post=2063"}],"version-history":[{"count":0,"href":"https:\/\/le-bettex.com\/fr\/wp-json\/wp\/v2\/pages\/2063\/revisions"}],"wp:attachment":[{"href":"https:\/\/le-bettex.com\/fr\/wp-json\/wp\/v2\/media?parent=2063"}],"curies":[{"name":"wp","href":"https:\/\/api.w.org\/{rel}","templated":true}]}}