{"id":1480,"date":"2018-11-10T16:06:00","date_gmt":"2018-11-10T15:06:00","guid":{"rendered":"https:\/\/le-bettex.com\/?page_id=1480"},"modified":"2023-06-14T14:43:02","modified_gmt":"2023-06-14T12:43:02","slug":"les-3-vallees","status":"publish","type":"page","link":"https:\/\/le-bettex.com\/fr\/les-3-vallees\/","title":{"rendered":"les 3 Vall\u00e9es"},"content":{"rendered":"<p>[vc_row][vc_column][vc_single_image image=&#8221;1482&#8243; img_size=&#8221;medium&#8221; alignment=&#8221;center&#8221; onclick=&#8221;custom_link&#8221; link=&#8221;https:\/\/www.les3vallees.com\/fr\/&#8221;][vc_empty_space height=&#8221;50px&#8221; el_class=&#8221;hidden-xs hidden-sm&#8221;][vc_custom_heading text=&#8221;LES 3 VALL\u00c9ES:<br \/>\nVAL THORENS &#8211; LES MENUIRES &#8211; M\u00c9RIBEL &#8211; COURCHEVEL &#8211; LA TANIA&#8221; font_container=&#8221;tag:h2|font_size:18px|text_align:left|color:%23242423&#8243; use_theme_fonts=&#8221;yes&#8221; css=&#8221;.vc_custom_1541862430195{margin-top: 0px !important;margin-bottom: 5px !important;}&#8221;][vc_column_text]<\/p>\n<p style=\"text-align: left;\"><strong>Les 3 Vall\u00e9es: le plus grand domaine skiable du monde<\/strong><strong><a href=\"http:\/\/www.les3vallees.com\/fr\/accueil.1.l1\/\" target=\"_blank\" rel=\"noopener noreferrer\"><br \/>\n<\/a><\/strong><\/p>\n<p style=\"text-align: left;\"><strong>Les Trois Vall\u00e9es <\/strong>sont le plus grand domaine skiable reli\u00e9 au monde avec<strong> 600 km de pistes <\/strong>pour tous les niveaux et<strong> 180 remont\u00e9es m\u00e9caniques.<\/strong><\/p>\n<p style=\"text-align: left;\"><strong>Environ 320 pistes balis\u00e9es <\/strong>relient les fameuses stations de Val Thorens, <strong>Les Menuires<\/strong>, M\u00e9ribel et Courchevel aux villages de Saint Martin, La Tania et Brides-les-Bains.<\/p>\n<p style=\"text-align: left;\">Le domaine des Trois Vall\u00e9es convient aux skieurs d\u00e9butants comme aux plus exp\u00e9riment\u00e9s.<\/p>\n<p style=\"text-align: left;\">Skieurs et surfeurs appr\u00e9cieront les nombreux funparks et zones ludiques avec boardercross et halfpipe<\/p>\n<p style=\"text-align: left;\"><strong>Garantie Ski\u00a0:<\/strong><\/p>\n<p style=\"text-align: left;\">Les 3 Vall\u00e9es vous garantissent toute la saison le plus grand nombre de pistes reli\u00e9es ouvertes d\u2019Europe.<\/p>\n<p style=\"text-align: left;\">Gr\u00e2ce \u00e0 leurs qualit\u00e9s naturelles et aux am\u00e9nagements r\u00e9guliers en neige de culture\u00a0(2189\u00a0enneigeurs couvrant 49% du domaine skiable), les 3 Vall\u00e9es peuvent garantir l\u2019enneigement sur un domaine skiable entretenu toutes les nuits par 73 engins de damage.<\/p>\n<p style=\"text-align: left;\">Les pistes des 3 Vall\u00e9es se situent entre 1100 m et 3230 m d\u2019altitude et 85% du domaine skiable est au-dessus de 1800 m.<\/p>\n<p style=\"text-align: left;\">C\u2019est donc la capacit\u00e9 \u00e0 produire de la neige, l\u2019altitude \u00e9lev\u00e9e de l\u2019ensemble du domaine skiable et des liaisons inter-Vall\u00e9es toutes \u00e0 plus de 2000 m d\u2019altitude qui permettent de garantir l\u2019enneigement tout au long de l\u2019hiver.<\/p>\n<p style=\"text-align: left;\">Au-del\u00e0 du ski de piste, d\u2019autres activit\u00e9s sur neige sont propos\u00e9es dans les 3 vall\u00e9es.<\/p>\n<p style=\"text-align: left;\">120 km de piste de ski de fond ainsi que de nombreux sentiers de niveaux diff\u00e9rents pour les promenades en raquette.<\/p>\n<p style=\"text-align: left;\">Tr\u00e8s ludiques les 3 pistes de luge sont un plaisir pour les grands et les petits.<\/p>\n<p style=\"text-align: left;\">La plus longue piste de luge de France est \u00e0 Val Thorens et garantie 45 minutes de sensations et de glisse.<\/p>\n<p style=\"text-align: left;\"><strong><u>En bref: <\/u><\/strong><\/p>\n<ul>\n<li style=\"text-align: left;\"><strong>Les 3 Trois Vall\u00e9es <\/strong>sont le plus grand domaine skiable reli\u00e9 au monde<\/li>\n<li style=\"text-align: left;\"><strong>600 km de pistes de ski <\/strong><\/li>\n<li style=\"text-align: left;\">180 remont\u00e9es m\u00e9caniques<\/li>\n<li style=\"text-align: left;\">85% du domaine skiable est situ\u00e9 au -dessus de 1800m<\/li>\n<li style=\"text-align: left;\">Enneigeurs extr\u00eament modernes qui permettent de limiter la consommation d\u2019eau et d\u2019\u00e9lectricit\u00e9.<\/li>\n<\/ul>\n<p>[\/vc_column_text][vc_column_text css=&#8221;.vc_custom_1686739507408{border-radius: 2px !important;}&#8221;]<\/p>\n<h4><a href=\"https:\/\/static.lesmenuires.com\/files\/plan-pistes-3-vallees.pdf\" target=\"_blank\" rel=\"noopener noreferrer\">\u00bbPlan des pistes les 3 Vall\u00e9es<\/a><\/h4>\n<p>[\/vc_column_text][vc_video link=&#8221;https:\/\/youtu.be\/gT94ZCibjPo&#8221;][vc_hoverbox image=&#8221;1405&#8243; primary_title=&#8221;Forfaits et location de ski \u00e0 tarifs pr\u00e9f\u00e9rentiels&#8221; primary_title_google_fonts=&#8221;font_family:Acme%3Aregular|font_style:400%20regular%3A400%3Anormal&#8221; hover_title=&#8221;Economisez du temps et de l&#8217;argent&#8221; use_custom_fonts_primary_title=&#8221;true&#8221;]<\/p>\n<p style=\"text-align: center;\"><strong>Achetez vos forfaits de ski M\u00e9nuires et 3 Vall\u00e9es par notre interm\u00e9diaire.<\/strong><\/p>\n<div class=\"su-list su-list-style-\">\n<ul>\n<li style=\"list-style-type: none;\">\n<ul>\n<li style=\"list-style-type: none;\">\n<ul>\n<li>Vos forfaits vous sont remis directement au chalet le jour de votre arriv\u00e9e<\/li>\n<li>\u00a0Vous \u00e9conomisez jusqu\u2019\u00e0 45 \u20ac par personne sur les forfaits 6 jours 3 Vall\u00e9es<\/li>\n<li>L\u2019assurance carr\u00e9 neige Alpin peut-\u00eatre r\u00e9serv\u00e9e en m\u00eame temps que le forfait<\/li>\n<\/ul>\n<\/li>\n<\/ul>\n<\/li>\n<\/ul>\n<\/div>\n<div class=\"su-list su-list-style-\">\n<p>Contact : <a href=\"info@le-bettex.com\">info@le-bettex.com<\/a><\/p>\n<\/div>\n<p>[\/vc_hoverbox][\/vc_column][\/vc_row]<\/p>\n","protected":false},"excerpt":{"rendered":"<p>[vc_row][vc_column][vc_single_image image=&#8221;1482&#8243; img_size=&#8221;medium&#8221; alignment=&#8221;center&#8221; onclick=&#8221;custom_link&#8221; link=&#8221;https:\/\/www.les3vallees.com\/fr\/&#8221;][vc_empty_space height=&#8221;50px&#8221; el_class=&#8221;hidden-xs hidden-sm&#8221;][vc_custom_heading text=&#8221;LES 3 VALL\u00c9ES: VAL THORENS &#8211; LES MENUIRES &#8211; M\u00c9RIBEL &#8211; COURCHEVEL &#8211; LA TANIA&#8221; font_container=&#8221;tag:h2|font_size:18px|text_align:left|color:%23242423&#8243; use_theme_fonts=&#8221;yes&#8221; css=&#8221;.vc_custom_1541862430195{margin-top: 0px !important;margin-bottom: 5px !important;}&#8221;][vc_column_text] Les 3 Vall\u00e9es: le plus grand domaine skiable du monde Les Trois Vall\u00e9es sont le plus grand domaine skiable reli\u00e9 au monde avec 600 &hellip; <br \/><a href=\"https:\/\/le-bettex.com\/fr\/les-3-vallees\/\" class=\"more-link\">Continue reading <span class=\"screen-reader-text\">les 3 Vall\u00e9es<\/span><\/a><\/p>\n","protected":false},"author":2,"featured_media":0,"parent":0,"menu_order":0,"comment_status":"closed","ping_status":"closed","template":"","meta":{"_acf_changed":false,"footnotes":""},"class_list":["post-1480","page","type-page","status-publish","hentry"],"acf":[],"yoast_head":"<!-- This site is optimized with the Yoast SEO plugin v25.0 - https:\/\/yoast.com\/wordpress\/plugins\/seo\/ -->\n<title>les 3 Vall\u00e9es: le plus grand domaine skiable au monde - Le Bettex<\/title>\n<meta name=\"description\" content=\"Qualit\u00e9 de neige exceptionnelle, immense vari\u00e9t\u00e9 de pistes, le domaine des 3 Vall\u00e9es convient \u00e0 tous les skieurs, adultes, enfants, d\u00e9butants ou confirm\u00e9s.\" \/>\n<meta name=\"robots\" content=\"index, follow, max-snippet:-1, max-image-preview:large, max-video-preview:-1\" \/>\n<link rel=\"canonical\" href=\"https:\/\/le-bettex.com\/3-valleys-skiarea\/\" \/>\n<meta property=\"og:locale\" content=\"fr_FR\" \/>\n<meta property=\"og:type\" content=\"article\" \/>\n<meta property=\"og:title\" content=\"les 3 Vall\u00e9es: le plus grand domaine skiable au monde - Le Bettex\" \/>\n<meta property=\"og:description\" content=\"Qualit\u00e9 de neige exceptionnelle, immense vari\u00e9t\u00e9 de pistes, le domaine des 3 Vall\u00e9es convient \u00e0 tous les skieurs, adultes, enfants, d\u00e9butants ou confirm\u00e9s.\" \/>\n<meta property=\"og:url\" content=\"https:\/\/le-bettex.com\/3-valleys-skiarea\/\" \/>\n<meta property=\"og:site_name\" content=\"Le Bettex\" \/>\n<meta property=\"article:modified_time\" content=\"2023-06-14T12:43:02+00:00\" \/>\n<meta name=\"twitter:card\" content=\"summary_large_image\" \/>\n<meta name=\"twitter:label1\" content=\"Est. reading time\" \/>\n\t<meta name=\"twitter:data1\" content=\"3 minutes\" \/>\n<script type=\"application\/ld+json\" class=\"yoast-schema-graph\">{\"@context\":\"https:\/\/schema.org\",\"@graph\":[{\"@type\":\"WebPage\",\"@id\":\"https:\/\/le-bettex.com\/3-valleys-skiarea\/\",\"url\":\"https:\/\/le-bettex.com\/3-valleys-skiarea\/\",\"name\":\"les 3 Vall\u00e9es: le plus grand domaine skiable au monde - Le Bettex\",\"isPartOf\":{\"@id\":\"https:\/\/le-bettex.com\/#website\"},\"datePublished\":\"2018-11-10T15:06:00+00:00\",\"dateModified\":\"2023-06-14T12:43:02+00:00\",\"description\":\"Qualit\u00e9 de neige exceptionnelle, immense vari\u00e9t\u00e9 de pistes, le domaine des 3 Vall\u00e9es convient \u00e0 tous les skieurs, adultes, enfants, d\u00e9butants ou confirm\u00e9s.\",\"breadcrumb\":{\"@id\":\"https:\/\/le-bettex.com\/3-valleys-skiarea\/#breadcrumb\"},\"inLanguage\":\"fr-FR\",\"potentialAction\":[{\"@type\":\"ReadAction\",\"target\":[\"https:\/\/le-bettex.com\/3-valleys-skiarea\/\"]}]},{\"@type\":\"BreadcrumbList\",\"@id\":\"https:\/\/le-bettex.com\/3-valleys-skiarea\/#breadcrumb\",\"itemListElement\":[{\"@type\":\"ListItem\",\"position\":1,\"name\":\"Home\",\"item\":\"https:\/\/le-bettex.com\/fr\/\"},{\"@type\":\"ListItem\",\"position\":2,\"name\":\"les 3 Vall\u00e9es\"}]},{\"@type\":\"WebSite\",\"@id\":\"https:\/\/le-bettex.com\/#website\",\"url\":\"https:\/\/le-bettex.com\/\",\"name\":\"Le Bettex\",\"description\":\"\",\"potentialAction\":[{\"@type\":\"SearchAction\",\"target\":{\"@type\":\"EntryPoint\",\"urlTemplate\":\"https:\/\/le-bettex.com\/?s={search_term_string}\"},\"query-input\":{\"@type\":\"PropertyValueSpecification\",\"valueRequired\":true,\"valueName\":\"search_term_string\"}}],\"inLanguage\":\"fr-FR\"}]}<\/script>\n<!-- \/ Yoast SEO plugin. -->","yoast_head_json":{"title":"les 3 Vall\u00e9es: le plus grand domaine skiable au monde - Le Bettex","description":"Qualit\u00e9 de neige exceptionnelle, immense vari\u00e9t\u00e9 de pistes, le domaine des 3 Vall\u00e9es convient \u00e0 tous les skieurs, adultes, enfants, d\u00e9butants ou confirm\u00e9s.","robots":{"index":"index","follow":"follow","max-snippet":"max-snippet:-1","max-image-preview":"max-image-preview:large","max-video-preview":"max-video-preview:-1"},"canonical":"https:\/\/le-bettex.com\/3-valleys-skiarea\/","og_locale":"fr_FR","og_type":"article","og_title":"les 3 Vall\u00e9es: le plus grand domaine skiable au monde - Le Bettex","og_description":"Qualit\u00e9 de neige exceptionnelle, immense vari\u00e9t\u00e9 de pistes, le domaine des 3 Vall\u00e9es convient \u00e0 tous les skieurs, adultes, enfants, d\u00e9butants ou confirm\u00e9s.","og_url":"https:\/\/le-bettex.com\/3-valleys-skiarea\/","og_site_name":"Le Bettex","article_modified_time":"2023-06-14T12:43:02+00:00","twitter_card":"summary_large_image","twitter_misc":{"Est. reading time":"3 minutes"},"schema":{"@context":"https:\/\/schema.org","@graph":[{"@type":"WebPage","@id":"https:\/\/le-bettex.com\/3-valleys-skiarea\/","url":"https:\/\/le-bettex.com\/3-valleys-skiarea\/","name":"les 3 Vall\u00e9es: le plus grand domaine skiable au monde - Le Bettex","isPartOf":{"@id":"https:\/\/le-bettex.com\/#website"},"datePublished":"2018-11-10T15:06:00+00:00","dateModified":"2023-06-14T12:43:02+00:00","description":"Qualit\u00e9 de neige exceptionnelle, immense vari\u00e9t\u00e9 de pistes, le domaine des 3 Vall\u00e9es convient \u00e0 tous les skieurs, adultes, enfants, d\u00e9butants ou confirm\u00e9s.","breadcrumb":{"@id":"https:\/\/le-bettex.com\/3-valleys-skiarea\/#breadcrumb"},"inLanguage":"fr-FR","potentialAction":[{"@type":"ReadAction","target":["https:\/\/le-bettex.com\/3-valleys-skiarea\/"]}]},{"@type":"BreadcrumbList","@id":"https:\/\/le-bettex.com\/3-valleys-skiarea\/#breadcrumb","itemListElement":[{"@type":"ListItem","position":1,"name":"Home","item":"https:\/\/le-bettex.com\/fr\/"},{"@type":"ListItem","position":2,"name":"les 3 Vall\u00e9es"}]},{"@type":"WebSite","@id":"https:\/\/le-bettex.com\/#website","url":"https:\/\/le-bettex.com\/","name":"Le Bettex","description":"","potentialAction":[{"@type":"SearchAction","target":{"@type":"EntryPoint","urlTemplate":"https:\/\/le-bettex.com\/?s={search_term_string}"},"query-input":{"@type":"PropertyValueSpecification","valueRequired":true,"valueName":"search_term_string"}}],"inLanguage":"fr-FR"}]}},"_links":{"self":[{"href":"https:\/\/le-bettex.com\/fr\/wp-json\/wp\/v2\/pages\/1480","targetHints":{"allow":["GET"]}}],"collection":[{"href":"https:\/\/le-bettex.com\/fr\/wp-json\/wp\/v2\/pages"}],"about":[{"href":"https:\/\/le-bettex.com\/fr\/wp-json\/wp\/v2\/types\/page"}],"author":[{"embeddable":true,"href":"https:\/\/le-bettex.com\/fr\/wp-json\/wp\/v2\/users\/2"}],"replies":[{"embeddable":true,"href":"https:\/\/le-bettex.com\/fr\/wp-json\/wp\/v2\/comments?post=1480"}],"version-history":[{"count":2,"href":"https:\/\/le-bettex.com\/fr\/wp-json\/wp\/v2\/pages\/1480\/revisions"}],"predecessor-version":[{"id":4380,"href":"https:\/\/le-bettex.com\/fr\/wp-json\/wp\/v2\/pages\/1480\/revisions\/4380"}],"wp:attachment":[{"href":"https:\/\/le-bettex.com\/fr\/wp-json\/wp\/v2\/media?parent=1480"}],"curies":[{"name":"wp","href":"https:\/\/api.w.org\/{rel}","templated":true}]}}