{"id":1458,"date":"2018-09-27T10:15:46","date_gmt":"2018-09-27T08:15:46","guid":{"rendered":"https:\/\/le-bettex.com\/les-menuires\/"},"modified":"2023-06-14T14:47:57","modified_gmt":"2023-06-14T12:47:57","slug":"les-menuires","status":"publish","type":"page","link":"https:\/\/le-bettex.com\/fr\/les-menuires\/","title":{"rendered":"Les Menuires"},"content":{"rendered":"<p>[vc_row][vc_column width=&#8221;11\/12&#8243;][vc_single_image image=&#8221;1531&#8243; img_size=&#8221;medium&#8221;][vc_custom_heading text=&#8221;LES MENUIRES-<br \/>\nDOMAINE SKIABLE DES 3 VALL\u00c9ES -FRANCE&#8221; font_container=&#8221;tag:h2|font_size:18px|text_align:left|color:%23242423&#8243; use_theme_fonts=&#8221;yes&#8221; css=&#8221;.vc_custom_1541792583909{margin-top: 0px !important;margin-bottom: 5px !important;}&#8221;][vc_column_text]<strong>A 1850m d\u2019altitude, la station des M\u00e9nuires est un paradis pour les skieurs et amateurs de sensations.<\/strong><\/p>\n<p>Une grande vari\u00e9t\u00e9 de pistes pour tous les niveaux, des zones ludiques sp\u00e9cialement am\u00e9nag\u00e9es pour les enfants ou les d\u00e9butants. Le domaine skiable des M\u00e9nuires\/ St Martin offre une immense libert\u00e9 pour vraiment se faire plaisir<\/p>\n<p>En partant des Menuires vous rejoignez facilement les diff\u00e9rentes stations des 3 Vall\u00e9es.<\/p>\n<p>Au sud, la station de Val Thorens (altitude jusqu\u2019\u00e0 3230m) qui offre les meilleures conditions d\u2019enneigement des 3 Vall\u00e9es.<\/p>\n<p>A l\u2019ouest, le massif de la Masse est id\u00e9al pour les skieurs de bon niveau et amateurs de hors-piste (nous recommandons un guide pour le hors-piste)<\/p>\n<p>Au nord, le charmant village de Saint Martin de Belleville (1400 m) accessible par des pistes moyenne \u00e0 facile.<\/p>\n<p>Et enfin \u00e0 l\u2019est les 2 autres Vall\u00e9es composant le domaine<strong> des Trois Vall\u00e9es<\/strong>: M\u00e9ribel et Courchevel.<\/p>\n<p>De nombreux villages authentiques sont implant\u00e9s autour des Menuires.<\/p>\n<p>L\u2019un d\u2019eux est le Bettaix , reli\u00e9 directement \u00e0 la sation par un t\u00e9l\u00e9si\u00e9ge et une piste bleue.<\/p>\n<p>&nbsp;<\/p>\n<p><strong><u>En bref\u00a0:<\/u><\/strong><\/p>\n<ul>\n<li>160 km de pistes de ski alpin<\/li>\n<li>Zones ludiques\u00a0: Walibi Gliss (pour les familles), ou le BK Park pour les freestylers<\/li>\n<li>28 km de piste de ski de fond<\/li>\n<li>Centre sportif (piscine, sauna, fitness, squash, etc.)<\/li>\n<li>\u00a0Commerces, bars, restaurants, cin\u00e9mas, discoth\u00e8ques<\/li>\n<li>Centre m\u00e9dical<\/li>\n<\/ul>\n<p>[\/vc_column_text][vc_column_text css=&#8221;.vc_custom_1686739441964{border-radius: 2px !important;}&#8221;]<\/p>\n<h4><a href=\"https:\/\/static.lesmenuires.com\/files\/plan-pistes-Menuires-Saint-Martin.pdf\" target=\"_blank\" rel=\"noopener noreferrer\">\u00bbPlan des pistes les Menuires\/ St Martin<\/a><\/h4>\n<p>[\/vc_column_text][vc_video link=&#8221;https:\/\/youtu.be\/G_qvgEayPoY&#8221;][vc_hoverbox image=&#8221;1405&#8243; primary_title=&#8221;Forfaits et location de ski \u00e0 tarifs pr\u00e9f\u00e9rentiels&#8221; primary_title_google_fonts=&#8221;font_family:Acme%3Aregular|font_style:400%20regular%3A400%3Anormal&#8221; hover_title=&#8221;Economisez du temps et de l&#8217;argent&#8230;&#8221; use_custom_fonts_primary_title=&#8221;true&#8221;]<\/p>\n<div class=\"su-list su-list-style-\">\n<p style=\"text-align: center;\"><strong>Achetez vos forfaits de ski M\u00e9nuires et 3 Vall\u00e9es par notre interm\u00e9diaire.<\/strong><\/p>\n<div class=\"su-list su-list-style-\">\n<ul>\n<li style=\"list-style-type: none;\">\n<ul>\n<li style=\"list-style-type: none;\">\n<ul>\n<li>Vos forfaits vous sont remis directement au chalet le jour de votre arriv\u00e9e<\/li>\n<li>\u00a0Vous \u00e9conomisez jusqu\u2019\u00e0 45 \u20ac par personne sur les forfaits 6 jours 3 Vall\u00e9es<\/li>\n<li>L\u2019assurance carr\u00e9 neige Alpin peut-\u00eatre r\u00e9serv\u00e9e en m\u00eame temps que le forfait<\/li>\n<\/ul>\n<\/li>\n<\/ul>\n<\/li>\n<\/ul>\n<\/div>\n<div class=\"su-list su-list-style-\">\n<p>Contact : <a href=\"info@le-bettex.com\">info@le-bettex.com<\/a><\/p>\n<\/div>\n<\/div>\n<p>[\/vc_hoverbox][\/vc_column][\/vc_row]<\/p>\n","protected":false},"excerpt":{"rendered":"<p>[vc_row][vc_column width=&#8221;11\/12&#8243;][vc_single_image image=&#8221;1531&#8243; img_size=&#8221;medium&#8221;][vc_custom_heading text=&#8221;LES MENUIRES- DOMAINE SKIABLE DES 3 VALL\u00c9ES -FRANCE&#8221; font_container=&#8221;tag:h2|font_size:18px|text_align:left|color:%23242423&#8243; use_theme_fonts=&#8221;yes&#8221; css=&#8221;.vc_custom_1541792583909{margin-top: 0px !important;margin-bottom: 5px !important;}&#8221;][vc_column_text]A 1850m d\u2019altitude, la station des M\u00e9nuires est un paradis pour les skieurs et amateurs de sensations. Une grande vari\u00e9t\u00e9 de pistes pour tous les niveaux, des zones ludiques sp\u00e9cialement am\u00e9nag\u00e9es pour les enfants ou les d\u00e9butants. &hellip; <br \/><a href=\"https:\/\/le-bettex.com\/fr\/les-menuires\/\" class=\"more-link\">Continue reading <span class=\"screen-reader-text\">Les Menuires<\/span><\/a><\/p>\n","protected":false},"author":1,"featured_media":0,"parent":0,"menu_order":0,"comment_status":"closed","ping_status":"closed","template":"","meta":{"_acf_changed":false,"footnotes":""},"class_list":["post-1458","page","type-page","status-publish","hentry"],"acf":[],"yoast_head":"<!-- This site is optimized with the Yoast SEO plugin v25.0 - https:\/\/yoast.com\/wordpress\/plugins\/seo\/ -->\n<title>Les Menuires station de ski des 3 Vall\u00e9es - Le Bettex<\/title>\n<meta name=\"description\" content=\"La station de ski les Menuires est un paradis pour les skieurs de tout niveau. Depuis nos chalets vous acc\u00e9dez directement aux pistes des Menuires-3 Vall\u00e9es\" \/>\n<meta name=\"robots\" content=\"index, follow, max-snippet:-1, max-image-preview:large, max-video-preview:-1\" \/>\n<link rel=\"canonical\" href=\"https:\/\/le-bettex.com\/les-menuires\/\" \/>\n<meta property=\"og:locale\" content=\"fr_FR\" \/>\n<meta property=\"og:type\" content=\"article\" \/>\n<meta property=\"og:title\" content=\"Les Menuires station de ski des 3 Vall\u00e9es - Le Bettex\" \/>\n<meta property=\"og:description\" content=\"La station de ski les Menuires est un paradis pour les skieurs de tout niveau. Depuis nos chalets vous acc\u00e9dez directement aux pistes des Menuires-3 Vall\u00e9es\" \/>\n<meta property=\"og:url\" content=\"https:\/\/le-bettex.com\/les-menuires\/\" \/>\n<meta property=\"og:site_name\" content=\"Le Bettex\" \/>\n<meta property=\"article:modified_time\" content=\"2023-06-14T12:47:57+00:00\" \/>\n<meta name=\"twitter:card\" content=\"summary_large_image\" \/>\n<meta name=\"twitter:label1\" content=\"Est. reading time\" \/>\n\t<meta name=\"twitter:data1\" content=\"2 minutes\" \/>\n<script type=\"application\/ld+json\" class=\"yoast-schema-graph\">{\"@context\":\"https:\/\/schema.org\",\"@graph\":[{\"@type\":\"WebPage\",\"@id\":\"https:\/\/le-bettex.com\/les-menuires\/\",\"url\":\"https:\/\/le-bettex.com\/les-menuires\/\",\"name\":\"Les Menuires station de ski des 3 Vall\u00e9es - Le Bettex\",\"isPartOf\":{\"@id\":\"https:\/\/le-bettex.com\/#website\"},\"datePublished\":\"2018-09-27T08:15:46+00:00\",\"dateModified\":\"2023-06-14T12:47:57+00:00\",\"description\":\"La station de ski les Menuires est un paradis pour les skieurs de tout niveau. Depuis nos chalets vous acc\u00e9dez directement aux pistes des Menuires-3 Vall\u00e9es\",\"breadcrumb\":{\"@id\":\"https:\/\/le-bettex.com\/les-menuires\/#breadcrumb\"},\"inLanguage\":\"fr-FR\",\"potentialAction\":[{\"@type\":\"ReadAction\",\"target\":[\"https:\/\/le-bettex.com\/les-menuires\/\"]}]},{\"@type\":\"BreadcrumbList\",\"@id\":\"https:\/\/le-bettex.com\/les-menuires\/#breadcrumb\",\"itemListElement\":[{\"@type\":\"ListItem\",\"position\":1,\"name\":\"Home\",\"item\":\"https:\/\/le-bettex.com\/fr\/\"},{\"@type\":\"ListItem\",\"position\":2,\"name\":\"Les Menuires\"}]},{\"@type\":\"WebSite\",\"@id\":\"https:\/\/le-bettex.com\/#website\",\"url\":\"https:\/\/le-bettex.com\/\",\"name\":\"Le Bettex\",\"description\":\"\",\"potentialAction\":[{\"@type\":\"SearchAction\",\"target\":{\"@type\":\"EntryPoint\",\"urlTemplate\":\"https:\/\/le-bettex.com\/?s={search_term_string}\"},\"query-input\":{\"@type\":\"PropertyValueSpecification\",\"valueRequired\":true,\"valueName\":\"search_term_string\"}}],\"inLanguage\":\"fr-FR\"}]}<\/script>\n<!-- \/ Yoast SEO plugin. -->","yoast_head_json":{"title":"Les Menuires station de ski des 3 Vall\u00e9es - Le Bettex","description":"La station de ski les Menuires est un paradis pour les skieurs de tout niveau. Depuis nos chalets vous acc\u00e9dez directement aux pistes des Menuires-3 Vall\u00e9es","robots":{"index":"index","follow":"follow","max-snippet":"max-snippet:-1","max-image-preview":"max-image-preview:large","max-video-preview":"max-video-preview:-1"},"canonical":"https:\/\/le-bettex.com\/les-menuires\/","og_locale":"fr_FR","og_type":"article","og_title":"Les Menuires station de ski des 3 Vall\u00e9es - Le Bettex","og_description":"La station de ski les Menuires est un paradis pour les skieurs de tout niveau. Depuis nos chalets vous acc\u00e9dez directement aux pistes des Menuires-3 Vall\u00e9es","og_url":"https:\/\/le-bettex.com\/les-menuires\/","og_site_name":"Le Bettex","article_modified_time":"2023-06-14T12:47:57+00:00","twitter_card":"summary_large_image","twitter_misc":{"Est. reading time":"2 minutes"},"schema":{"@context":"https:\/\/schema.org","@graph":[{"@type":"WebPage","@id":"https:\/\/le-bettex.com\/les-menuires\/","url":"https:\/\/le-bettex.com\/les-menuires\/","name":"Les Menuires station de ski des 3 Vall\u00e9es - Le Bettex","isPartOf":{"@id":"https:\/\/le-bettex.com\/#website"},"datePublished":"2018-09-27T08:15:46+00:00","dateModified":"2023-06-14T12:47:57+00:00","description":"La station de ski les Menuires est un paradis pour les skieurs de tout niveau. Depuis nos chalets vous acc\u00e9dez directement aux pistes des Menuires-3 Vall\u00e9es","breadcrumb":{"@id":"https:\/\/le-bettex.com\/les-menuires\/#breadcrumb"},"inLanguage":"fr-FR","potentialAction":[{"@type":"ReadAction","target":["https:\/\/le-bettex.com\/les-menuires\/"]}]},{"@type":"BreadcrumbList","@id":"https:\/\/le-bettex.com\/les-menuires\/#breadcrumb","itemListElement":[{"@type":"ListItem","position":1,"name":"Home","item":"https:\/\/le-bettex.com\/fr\/"},{"@type":"ListItem","position":2,"name":"Les Menuires"}]},{"@type":"WebSite","@id":"https:\/\/le-bettex.com\/#website","url":"https:\/\/le-bettex.com\/","name":"Le Bettex","description":"","potentialAction":[{"@type":"SearchAction","target":{"@type":"EntryPoint","urlTemplate":"https:\/\/le-bettex.com\/?s={search_term_string}"},"query-input":{"@type":"PropertyValueSpecification","valueRequired":true,"valueName":"search_term_string"}}],"inLanguage":"fr-FR"}]}},"_links":{"self":[{"href":"https:\/\/le-bettex.com\/fr\/wp-json\/wp\/v2\/pages\/1458","targetHints":{"allow":["GET"]}}],"collection":[{"href":"https:\/\/le-bettex.com\/fr\/wp-json\/wp\/v2\/pages"}],"about":[{"href":"https:\/\/le-bettex.com\/fr\/wp-json\/wp\/v2\/types\/page"}],"author":[{"embeddable":true,"href":"https:\/\/le-bettex.com\/fr\/wp-json\/wp\/v2\/users\/1"}],"replies":[{"embeddable":true,"href":"https:\/\/le-bettex.com\/fr\/wp-json\/wp\/v2\/comments?post=1458"}],"version-history":[{"count":3,"href":"https:\/\/le-bettex.com\/fr\/wp-json\/wp\/v2\/pages\/1458\/revisions"}],"predecessor-version":[{"id":4382,"href":"https:\/\/le-bettex.com\/fr\/wp-json\/wp\/v2\/pages\/1458\/revisions\/4382"}],"wp:attachment":[{"href":"https:\/\/le-bettex.com\/fr\/wp-json\/wp\/v2\/media?parent=1458"}],"curies":[{"name":"wp","href":"https:\/\/api.w.org\/{rel}","templated":true}]}}