{"id":994,"date":"2018-04-11T07:13:28","date_gmt":"2018-04-11T07:13:28","guid":{"rendered":"https:\/\/le-bettex.com\/terms\/"},"modified":"2023-05-17T21:30:11","modified_gmt":"2023-05-17T19:30:11","slug":"agb","status":"publish","type":"page","link":"https:\/\/le-bettex.com\/de\/agb\/","title":{"rendered":"Allgemeine Gesch\u00e4ftsbedingungen"},"content":{"rendered":"<p>[vc_row][vc_column][vc_empty_space height=&#8221;50px&#8221; el_class=&#8221;hidden-xs hidden-sm&#8221;][vc_custom_heading text=&#8221;RESERVIERUNG&#8221; font_container=&#8221;tag:h2|font_size:18px|text_align:left|color:%23242423&#8243; use_theme_fonts=&#8221;yes&#8221; css=&#8221;.vc_custom_1629467487106{margin-top: 0px !important;margin-bottom: 5px !important;}&#8221;][vc_column_text]Reservierungen werden nach Eingang Ihrer Best\u00e4tigung und Erhalt Ihrer\u00a0<strong>Anzahlung (30% des Gesamtpreises)<\/strong>\u00a0best\u00e4tigt. Wir akzeptieren Zahlungen per Kreditkarte und \u00dcberweisungen.<\/p>\n<p>\u00bb \u00a0Eine Kaution von 800 \u20ac ist 2-3 Tage vor der Ankunft per Kreditkarte zu hinterlassen. Sie wird innerhalb 1 Woche nach Ende Ihres Aufenthalts zur\u00fcckerstattet<\/p>\n<p>\u00bb \u00a0Im Chalet ist das Rauchen nicht gestattet<br \/>\n\u00bb \u00a0Haustiere sind nicht erlaubt<br \/>\n\u00bb \u00a0Die Ankunft kann am Samstag zwischen 17h und 19h stattfinden. Eine sp\u00e4tere Ankunft muss bitte gemeldet werden<br \/>\n\u00bb \u00a0Abreise am Samstag zwischen 8h und 10h<\/p>\n<p>\u00bb Endreinigung inklusiv[\/vc_column_text][\/vc_column][\/vc_row][vc_row][vc_column][vc_custom_heading text=&#8221;STORNO BEDINGUNGEN&#8221; font_container=&#8221;tag:h2|font_size:18px|text_align:left|color:%23242423&#8243; use_theme_fonts=&#8221;yes&#8221; css=&#8221;.vc_custom_1629467275139{margin-top: 0px !important;margin-bottom: 5px !important;}&#8221;][vc_column_text]Bei Stornierung \u00a0eines oder mehrerer Mitglieder der Gruppe aufgrund von Schwerer Krankheit (COVID-19 oder andere), Unfall, Sterbefall, bedeutende Sch\u00e4den im Wohnsitz, Entlassung aus wirtschaftlichem Grund, Versetzung, Sperren, Streiks, Komplikationen infolge einer Schwangerschaft bis zur 28. Woche fallen folgende Stornokosten an<\/p>\n<p>\u00bb \u00a0Bis 31 Tage vor Abreise: 30% des Reisepreises<br \/>\n\u00bb \u00a030 bis 21 Tage vor Abreise: 50% des Reisepreises<br \/>\n\u00bb \u00a020 bis 14 Tage vor Abreise: 75% des Reisepreises<br \/>\n\u00bb \u00a013 bis 0 Tage vor Abreise: 100% des Reisepreises<\/p>\n<p>Einen Pauschalbetrag von 50 \u20ac wird als Bearbeitungsgeb\u00fchr einbehalten.<\/p>\n<p>Um diese Art von Unannehmlichkeiten abzudecken empfehlen wir Ihnen, eine Reiser\u00fccktritts- und Reiseabbruchversicherung abzuschlie\u00dfen, mit der Sie eine R\u00fcckerstattung der Kosten erhalten k\u00f6nnen.<\/p>\n<p>ADAR + Garantie bei Stornierung oder bei Unterbrechung des Aufenthaltes<\/p>\n<p><a href=\"https:\/\/www.albinet.fr\/de\/reiseversicherung\/reiserucktrittskostenversicherung-aufenthalt-betrugsschutz-nichteinhaltung-haftpflicht-mieterhaftpflicht\/?a=641789\">https:\/\/www.albinet.fr\/de\/reiseversicherung\/reiserucktrittskostenversicherung-aufenthalt-betrugsschutz-nichteinhaltung-haftpflicht-mieterhaftpflicht\/?a=641789<\/a><\/p>\n<p>&nbsp;<\/p>\n<p>Die Versicherung muss sp\u00e4testens\u00a0<strong>10 Tage nach Unterzeichnung\u00a0<\/strong>des Mietvertrages oder der Akontozahlung und\/oder Anzahlung abgeschlossen werden; und mindestens 96 Stunden vor Beginn des Mietzeitraums.[\/vc_column_text][vc_empty_space height=&#8221;60px&#8221;][\/vc_column][\/vc_row]<\/p>\n","protected":false},"excerpt":{"rendered":"<p>[vc_row][vc_column][vc_empty_space height=&#8221;50px&#8221; el_class=&#8221;hidden-xs hidden-sm&#8221;][vc_custom_heading text=&#8221;RESERVIERUNG&#8221; font_container=&#8221;tag:h2|font_size:18px|text_align:left|color:%23242423&#8243; use_theme_fonts=&#8221;yes&#8221; css=&#8221;.vc_custom_1629467487106{margin-top: 0px !important;margin-bottom: 5px !important;}&#8221;][vc_column_text]Reservierungen werden nach Eingang Ihrer Best\u00e4tigung und Erhalt Ihrer\u00a0Anzahlung (30% des Gesamtpreises)\u00a0best\u00e4tigt. Wir akzeptieren Zahlungen per Kreditkarte und \u00dcberweisungen. \u00bb \u00a0Eine Kaution von 800 \u20ac ist 2-3 Tage vor der Ankunft per Kreditkarte zu hinterlassen. Sie wird innerhalb 1 Woche nach Ende Ihres Aufenthalts &hellip; <br \/><a href=\"https:\/\/le-bettex.com\/de\/agb\/\" class=\"more-link\">Continue reading <span class=\"screen-reader-text\">Allgemeine Gesch\u00e4ftsbedingungen<\/span><\/a><\/p>\n","protected":false},"author":1,"featured_media":0,"parent":0,"menu_order":0,"comment_status":"closed","ping_status":"closed","template":"","meta":{"_acf_changed":false,"footnotes":""},"class_list":["post-994","page","type-page","status-publish","hentry"],"acf":[],"yoast_head":"<!-- This site is optimized with the Yoast SEO plugin v25.0 - https:\/\/yoast.com\/wordpress\/plugins\/seo\/ -->\n<title>Allgemeine Gesch\u00e4ftsbedingungen - Le Bettex<\/title>\n<meta name=\"robots\" content=\"index, follow, max-snippet:-1, max-image-preview:large, max-video-preview:-1\" \/>\n<link rel=\"canonical\" href=\"https:\/\/le-bettex.com\/terms\/\" \/>\n<meta property=\"og:locale\" content=\"de_DE\" \/>\n<meta property=\"og:type\" content=\"article\" \/>\n<meta property=\"og:title\" content=\"Allgemeine Gesch\u00e4ftsbedingungen - Le Bettex\" \/>\n<meta property=\"og:description\" content=\"[vc_row][vc_column][vc_empty_space height=&#8221;50px&#8221; el_class=&#8221;hidden-xs hidden-sm&#8221;][vc_custom_heading text=&#8221;RESERVIERUNG&#8221; font_container=&#8221;tag:h2|font_size:18px|text_align:left|color:%23242423&#8243; use_theme_fonts=&#8221;yes&#8221; css=&#8221;.vc_custom_1629467487106{margin-top: 0px !important;margin-bottom: 5px !important;}&#8221;][vc_column_text]Reservierungen werden nach Eingang Ihrer Best\u00e4tigung und Erhalt Ihrer\u00a0Anzahlung (30% des Gesamtpreises)\u00a0best\u00e4tigt. Wir akzeptieren Zahlungen per Kreditkarte und \u00dcberweisungen. \u00bb \u00a0Eine Kaution von 800 \u20ac ist 2-3 Tage vor der Ankunft per Kreditkarte zu hinterlassen. Sie wird innerhalb 1 Woche nach Ende Ihres Aufenthalts &hellip; Continue reading Allgemeine Gesch\u00e4ftsbedingungen\" \/>\n<meta property=\"og:url\" content=\"https:\/\/le-bettex.com\/terms\/\" \/>\n<meta property=\"og:site_name\" content=\"Le Bettex\" \/>\n<meta property=\"article:modified_time\" content=\"2023-05-17T19:30:11+00:00\" \/>\n<meta name=\"twitter:card\" content=\"summary_large_image\" \/>\n<meta name=\"twitter:label1\" content=\"Gesch\u00e4tzte Lesezeit\" \/>\n\t<meta name=\"twitter:data1\" content=\"2\u00a0Minuten\" \/>\n<script type=\"application\/ld+json\" class=\"yoast-schema-graph\">{\"@context\":\"https:\/\/schema.org\",\"@graph\":[{\"@type\":\"WebPage\",\"@id\":\"https:\/\/le-bettex.com\/terms\/\",\"url\":\"https:\/\/le-bettex.com\/terms\/\",\"name\":\"Allgemeine Gesch\u00e4ftsbedingungen - Le Bettex\",\"isPartOf\":{\"@id\":\"https:\/\/le-bettex.com\/#website\"},\"datePublished\":\"2018-04-11T07:13:28+00:00\",\"dateModified\":\"2023-05-17T19:30:11+00:00\",\"breadcrumb\":{\"@id\":\"https:\/\/le-bettex.com\/terms\/#breadcrumb\"},\"inLanguage\":\"de\",\"potentialAction\":[{\"@type\":\"ReadAction\",\"target\":[\"https:\/\/le-bettex.com\/terms\/\"]}]},{\"@type\":\"BreadcrumbList\",\"@id\":\"https:\/\/le-bettex.com\/terms\/#breadcrumb\",\"itemListElement\":[{\"@type\":\"ListItem\",\"position\":1,\"name\":\"Home\",\"item\":\"https:\/\/le-bettex.com\/de\/\"},{\"@type\":\"ListItem\",\"position\":2,\"name\":\"Allgemeine Gesch\u00e4ftsbedingungen\"}]},{\"@type\":\"WebSite\",\"@id\":\"https:\/\/le-bettex.com\/#website\",\"url\":\"https:\/\/le-bettex.com\/\",\"name\":\"Le Bettex\",\"description\":\"\",\"potentialAction\":[{\"@type\":\"SearchAction\",\"target\":{\"@type\":\"EntryPoint\",\"urlTemplate\":\"https:\/\/le-bettex.com\/?s={search_term_string}\"},\"query-input\":{\"@type\":\"PropertyValueSpecification\",\"valueRequired\":true,\"valueName\":\"search_term_string\"}}],\"inLanguage\":\"de\"}]}<\/script>\n<!-- \/ Yoast SEO plugin. -->","yoast_head_json":{"title":"Allgemeine Gesch\u00e4ftsbedingungen - Le Bettex","robots":{"index":"index","follow":"follow","max-snippet":"max-snippet:-1","max-image-preview":"max-image-preview:large","max-video-preview":"max-video-preview:-1"},"canonical":"https:\/\/le-bettex.com\/terms\/","og_locale":"de_DE","og_type":"article","og_title":"Allgemeine Gesch\u00e4ftsbedingungen - Le Bettex","og_description":"[vc_row][vc_column][vc_empty_space height=&#8221;50px&#8221; el_class=&#8221;hidden-xs hidden-sm&#8221;][vc_custom_heading text=&#8221;RESERVIERUNG&#8221; font_container=&#8221;tag:h2|font_size:18px|text_align:left|color:%23242423&#8243; use_theme_fonts=&#8221;yes&#8221; css=&#8221;.vc_custom_1629467487106{margin-top: 0px !important;margin-bottom: 5px !important;}&#8221;][vc_column_text]Reservierungen werden nach Eingang Ihrer Best\u00e4tigung und Erhalt Ihrer\u00a0Anzahlung (30% des Gesamtpreises)\u00a0best\u00e4tigt. Wir akzeptieren Zahlungen per Kreditkarte und \u00dcberweisungen. \u00bb \u00a0Eine Kaution von 800 \u20ac ist 2-3 Tage vor der Ankunft per Kreditkarte zu hinterlassen. Sie wird innerhalb 1 Woche nach Ende Ihres Aufenthalts &hellip; Continue reading Allgemeine Gesch\u00e4ftsbedingungen","og_url":"https:\/\/le-bettex.com\/terms\/","og_site_name":"Le Bettex","article_modified_time":"2023-05-17T19:30:11+00:00","twitter_card":"summary_large_image","twitter_misc":{"Gesch\u00e4tzte Lesezeit":"2\u00a0Minuten"},"schema":{"@context":"https:\/\/schema.org","@graph":[{"@type":"WebPage","@id":"https:\/\/le-bettex.com\/terms\/","url":"https:\/\/le-bettex.com\/terms\/","name":"Allgemeine Gesch\u00e4ftsbedingungen - Le Bettex","isPartOf":{"@id":"https:\/\/le-bettex.com\/#website"},"datePublished":"2018-04-11T07:13:28+00:00","dateModified":"2023-05-17T19:30:11+00:00","breadcrumb":{"@id":"https:\/\/le-bettex.com\/terms\/#breadcrumb"},"inLanguage":"de","potentialAction":[{"@type":"ReadAction","target":["https:\/\/le-bettex.com\/terms\/"]}]},{"@type":"BreadcrumbList","@id":"https:\/\/le-bettex.com\/terms\/#breadcrumb","itemListElement":[{"@type":"ListItem","position":1,"name":"Home","item":"https:\/\/le-bettex.com\/de\/"},{"@type":"ListItem","position":2,"name":"Allgemeine Gesch\u00e4ftsbedingungen"}]},{"@type":"WebSite","@id":"https:\/\/le-bettex.com\/#website","url":"https:\/\/le-bettex.com\/","name":"Le Bettex","description":"","potentialAction":[{"@type":"SearchAction","target":{"@type":"EntryPoint","urlTemplate":"https:\/\/le-bettex.com\/?s={search_term_string}"},"query-input":{"@type":"PropertyValueSpecification","valueRequired":true,"valueName":"search_term_string"}}],"inLanguage":"de"}]}},"_links":{"self":[{"href":"https:\/\/le-bettex.com\/de\/wp-json\/wp\/v2\/pages\/994","targetHints":{"allow":["GET"]}}],"collection":[{"href":"https:\/\/le-bettex.com\/de\/wp-json\/wp\/v2\/pages"}],"about":[{"href":"https:\/\/le-bettex.com\/de\/wp-json\/wp\/v2\/types\/page"}],"author":[{"embeddable":true,"href":"https:\/\/le-bettex.com\/de\/wp-json\/wp\/v2\/users\/1"}],"replies":[{"embeddable":true,"href":"https:\/\/le-bettex.com\/de\/wp-json\/wp\/v2\/comments?post=994"}],"version-history":[{"count":4,"href":"https:\/\/le-bettex.com\/de\/wp-json\/wp\/v2\/pages\/994\/revisions"}],"predecessor-version":[{"id":4315,"href":"https:\/\/le-bettex.com\/de\/wp-json\/wp\/v2\/pages\/994\/revisions\/4315"}],"wp:attachment":[{"href":"https:\/\/le-bettex.com\/de\/wp-json\/wp\/v2\/media?parent=994"}],"curies":[{"name":"wp","href":"https:\/\/api.w.org\/{rel}","templated":true}]}}