{"id":984,"date":"2018-04-11T07:12:31","date_gmt":"2018-04-11T07:12:31","guid":{"rendered":"https:\/\/le-bettex.com\/contact\/"},"modified":"2019-09-18T17:56:39","modified_gmt":"2019-09-18T15:56:39","slug":"kontakt","status":"publish","type":"page","link":"https:\/\/le-bettex.com\/de\/kontakt\/","title":{"rendered":"Kontakt"},"content":{"rendered":"<p>[vc_row][vc_column][vc_empty_space height=&#8221;60px&#8221;][\/vc_column][\/vc_row][vc_row][vc_column width=&#8221;1\/2&#8243;][apus_title_heading title=&#8221;Kontakt&#8221; descript=&#8221;Sie erreichen uns telefonisch oder per e-Mail von Montag bis Samstag.<\/p>\n<p>Am Anreisetag werden Sie pers\u00f6nlich am Chalet in le Bettex zwischen 17:00 und 19:00 empfangen.&#8221;][vc_empty_space height=&#8221;20px&#8221;][vc_column_text]<\/p>\n<div class=\"wrapper-contact-us\">\n<div class=\"item\">\n<div class=\"title\">Adresse:<\/div>\n<p>Chalets Lacuzon<\/p>\n<p>le Bettex<\/p>\n<p>73440 les Menuires<\/p>\n<p>France<\/p>\n<\/div>\n<div class=\"item\">\n<div class=\"title\">Telefon:<\/div>\n<p>+ 49 (0)157 554 30 588<\/p>\n<\/div>\n<div class=\"item\">\n<p><span style=\"color: #242423; font-size: 14px;\">Website:<\/span><\/p>\n<\/div>\n<div class=\"item\">\n<p>www.le-bettex.com<\/p>\n<\/div>\n<div class=\"item\">\n<div class=\"title\">E-Mail:<\/div>\n<p>info@le-bettex.com<\/p>\n<\/div>\n<\/div>\n<p>[\/vc_column_text][vc_empty_space height=&#8221;20px&#8221;][\/vc_column][vc_column width=&#8221;1\/2&#8243;][apus_googlemap title=&#8221;Lage&#8221; lat_lng=&#8221;45.3413714,6.525648300000057&#8243; height=&#8221;440&#8243; type=&#8221;HYBRID&#8221;][vc_empty_space height=&#8221;20px&#8221;][\/vc_column][\/vc_row][vc_row full_width=&#8221;stretch_row&#8221; css=&#8221;.vc_custom_1523528673452{background-color: #f9f9f9 !important;}&#8221;][vc_column][vc_row_inner][vc_column_inner width=&#8221;2\/12&#8243;][\/vc_column_inner][vc_column_inner width=&#8221;8\/12&#8243;][vc_empty_space height=&#8221;20px&#8221;][vc_custom_heading text=&#8221;Kontaktformular&#8221; font_container=&#8221;tag:h2|font_size:22px|text_align:center|color:%23242423&#8243; use_theme_fonts=&#8221;yes&#8221; css=&#8221;.vc_custom_1552564643451{margin-top: 0px !important;margin-bottom: 0px !important;}&#8221;][vc_empty_space height=&#8221;25px&#8221;]\n<div class=\"wpcf7 no-js\" id=\"wpcf7-f5-o1\" lang=\"de-DE\" dir=\"ltr\" data-wpcf7-id=\"5\">\n<div class=\"screen-reader-response\"><p role=\"status\" aria-live=\"polite\" aria-atomic=\"true\"><\/p> <ul><\/ul><\/div>\n<form action=\"\/de\/wp-json\/wp\/v2\/pages\/984#wpcf7-f5-o1\" method=\"post\" class=\"wpcf7-form init\" aria-label=\"Kontaktformular\" novalidate=\"novalidate\" data-status=\"init\">\n<div style=\"display: none;\">\n<input type=\"hidden\" name=\"_wpcf7\" value=\"5\" \/>\n<input type=\"hidden\" name=\"_wpcf7_version\" value=\"6.0.6\" \/>\n<input type=\"hidden\" name=\"_wpcf7_locale\" value=\"de_DE\" \/>\n<input type=\"hidden\" name=\"_wpcf7_unit_tag\" value=\"wpcf7-f5-o1\" \/>\n<input type=\"hidden\" name=\"_wpcf7_container_post\" value=\"0\" \/>\n<input type=\"hidden\" name=\"_wpcf7_posted_data_hash\" value=\"\" \/>\n<\/div>\n<p><label> Dein Name (Pflichtfeld)<br \/>\n<span class=\"wpcf7-form-control-wrap\" data-name=\"your-name\"><input size=\"40\" maxlength=\"400\" class=\"wpcf7-form-control wpcf7-text wpcf7-validates-as-required\" aria-required=\"true\" aria-invalid=\"false\" value=\"\" type=\"text\" name=\"your-name\" \/><\/span> <\/label>\n<\/p>\n<p><label> Deine E-Mail-Adresse (Pflichtfeld)<br \/>\n<span class=\"wpcf7-form-control-wrap\" data-name=\"your-email\"><input size=\"40\" maxlength=\"400\" class=\"wpcf7-form-control wpcf7-email wpcf7-validates-as-required wpcf7-text wpcf7-validates-as-email\" aria-required=\"true\" aria-invalid=\"false\" value=\"\" type=\"email\" name=\"your-email\" \/><\/span> <\/label>\n<\/p>\n<p><label> Betreff<br \/>\n<span class=\"wpcf7-form-control-wrap\" data-name=\"your-subject\"><input size=\"40\" maxlength=\"400\" class=\"wpcf7-form-control wpcf7-text\" aria-invalid=\"false\" value=\"\" type=\"text\" name=\"your-subject\" \/><\/span> <\/label>\n<\/p>\n<p><label> Deine Nachricht<br \/>\n<span class=\"wpcf7-form-control-wrap\" data-name=\"your-message\"><textarea cols=\"40\" rows=\"10\" maxlength=\"2000\" class=\"wpcf7-form-control wpcf7-textarea\" aria-invalid=\"false\" name=\"your-message\"><\/textarea><\/span> <\/label>\n<\/p>\n<p><span class=\"wpcf7-form-control-wrap\" data-name=\"math-quiz\"><label><span class=\"wpcf7-quiz-label\">12+48=?<\/span> <input size=\"40\" class=\"wpcf7-form-control wpcf7-quiz\" autocomplete=\"off\" aria-required=\"true\" aria-invalid=\"false\" type=\"text\" name=\"math-quiz\" \/><\/label><input type=\"hidden\" name=\"_wpcf7_quiz_answer_math-quiz\" value=\"25ed4ca0e46cebebe6975b196e0ad8ce\" \/><\/span>\n<\/p>\n<p><input class=\"wpcf7-form-control wpcf7-submit has-spinner\" type=\"submit\" value=\"Senden\" \/>\n<\/p><p style=\"display: none !important;\" class=\"akismet-fields-container\" data-prefix=\"_wpcf7_ak_\"><label>&#916;<textarea name=\"_wpcf7_ak_hp_textarea\" cols=\"45\" rows=\"8\" maxlength=\"100\"><\/textarea><\/label><input type=\"hidden\" id=\"ak_js_1\" name=\"_wpcf7_ak_js\" value=\"38\"\/><script>document.getElementById( \"ak_js_1\" ).setAttribute( \"value\", ( new Date() ).getTime() );<\/script><\/p><div class=\"wpcf7-response-output\" aria-hidden=\"true\"><\/div>\n<\/form>\n<\/div>\n[vc_empty_space height=&#8221;20px&#8221;][vc_empty_space height=&#8221;20px&#8221;][\/vc_column_inner][vc_column_inner width=&#8221;2\/12&#8243;][\/vc_column_inner][\/vc_row_inner][\/vc_column][\/vc_row][vc_row][vc_column][vc_column_text]<strong>Pers\u00f6nliche Daten:<\/strong><\/p>\n<p>Les informations personnelles recueillies sont enregistr\u00e9es dans un fichier informatis\u00e9 par la SARL Lacuzon pour la gestion de notre client\u00e8le et l&#8217;envoie de Newsletter. Elles sont conserv\u00e9es pendant 3 ans et sont destin\u00e9es au service marketing et commercial \u00e9tablis dans l&#8217;Union europ\u00e9enne. Par ailleurs, le d\u00e9sabonnement de la Newsletter se fait gr\u00e2ce au lien situ\u00e9 en pied de page de la Newsletter. Conform\u00e9ment \u00e0 la loi \u00ab informatique et libert\u00e9s \u00bb, vous pouvez exercer votre droit d&#8217;acc\u00e8s aux donn\u00e9es vous concernant et les faire rectifier en adressant un mail \u00e0 l\u2019adresse info@le-bettaix.com, ou en effectuant une demande par courrier, \u00e0 l\u2019adresse suivante : SARL Lacuzon le Bettaix 73440 St Martin de Belleville.[\/vc_column_text][\/vc_column][\/vc_row]<\/p>\n","protected":false},"excerpt":{"rendered":"<p>[vc_row][vc_column][vc_empty_space height=&#8221;60px&#8221;][\/vc_column][\/vc_row][vc_row][vc_column width=&#8221;1\/2&#8243;][apus_title_heading title=&#8221;Kontakt&#8221; descript=&#8221;Sie erreichen uns telefonisch oder per e-Mail von Montag bis Samstag. Am Anreisetag werden Sie pers\u00f6nlich am Chalet in le Bettex zwischen 17:00 und 19:00 empfangen.&#8221;][vc_empty_space height=&#8221;20px&#8221;][vc_column_text] Adresse: Chalets Lacuzon le Bettex 73440 les Menuires France Telefon: + 49 (0)157 554 30 588 Website: www.le-bettex.com E-Mail: info@le-bettex.com [\/vc_column_text][vc_empty_space height=&#8221;20px&#8221;][\/vc_column][vc_column width=&#8221;1\/2&#8243;][apus_googlemap title=&#8221;Lage&#8221; &hellip; <br \/><a href=\"https:\/\/le-bettex.com\/de\/kontakt\/\" class=\"more-link\">Continue reading <span class=\"screen-reader-text\">Kontakt<\/span><\/a><\/p>\n","protected":false},"author":1,"featured_media":0,"parent":0,"menu_order":0,"comment_status":"closed","ping_status":"closed","template":"","meta":{"_acf_changed":false,"footnotes":""},"class_list":["post-984","page","type-page","status-publish","hentry"],"acf":[],"yoast_head":"<!-- This site is optimized with the Yoast SEO plugin v25.0 - https:\/\/yoast.com\/wordpress\/plugins\/seo\/ -->\n<title>Kontakt - Le Bettex<\/title>\n<meta name=\"description\" content=\"Nutzen Sie unser Kontakt Formular oder rufen Sie uns an und wir helfen Ihnen gerne weiter bei der Planung Ihres Skiurlaubes.\" \/>\n<meta name=\"robots\" content=\"index, follow, max-snippet:-1, max-image-preview:large, max-video-preview:-1\" \/>\n<link rel=\"canonical\" href=\"https:\/\/le-bettex.com\/de\/kontakt\/\" \/>\n<meta property=\"og:locale\" content=\"de_DE\" \/>\n<meta property=\"og:type\" content=\"article\" \/>\n<meta property=\"og:title\" content=\"Kontakt - Le Bettex\" \/>\n<meta property=\"og:description\" content=\"Nutzen Sie unser Kontakt Formular oder rufen Sie uns an und wir helfen Ihnen gerne weiter bei der Planung Ihres Skiurlaubes.\" \/>\n<meta property=\"og:url\" content=\"https:\/\/le-bettex.com\/de\/kontakt\/\" \/>\n<meta property=\"og:site_name\" content=\"Le Bettex\" \/>\n<meta property=\"article:modified_time\" content=\"2019-09-18T15:56:39+00:00\" \/>\n<meta name=\"twitter:card\" content=\"summary_large_image\" \/>\n<meta name=\"twitter:label1\" content=\"Gesch\u00e4tzte Lesezeit\" \/>\n\t<meta name=\"twitter:data1\" content=\"2\u00a0Minuten\" \/>\n<script type=\"application\/ld+json\" class=\"yoast-schema-graph\">{\"@context\":\"https:\/\/schema.org\",\"@graph\":[{\"@type\":\"WebPage\",\"@id\":\"https:\/\/le-bettex.com\/de\/kontakt\/\",\"url\":\"https:\/\/le-bettex.com\/de\/kontakt\/\",\"name\":\"Kontakt - Le Bettex\",\"isPartOf\":{\"@id\":\"https:\/\/le-bettex.com\/#website\"},\"datePublished\":\"2018-04-11T07:12:31+00:00\",\"dateModified\":\"2019-09-18T15:56:39+00:00\",\"description\":\"Nutzen Sie unser Kontakt Formular oder rufen Sie uns an und wir helfen Ihnen gerne weiter bei der Planung Ihres Skiurlaubes.\",\"breadcrumb\":{\"@id\":\"https:\/\/le-bettex.com\/de\/kontakt\/#breadcrumb\"},\"inLanguage\":\"de\",\"potentialAction\":[{\"@type\":\"ReadAction\",\"target\":[\"https:\/\/le-bettex.com\/de\/kontakt\/\"]}]},{\"@type\":\"BreadcrumbList\",\"@id\":\"https:\/\/le-bettex.com\/de\/kontakt\/#breadcrumb\",\"itemListElement\":[{\"@type\":\"ListItem\",\"position\":1,\"name\":\"Home\",\"item\":\"https:\/\/le-bettex.com\/de\/\"},{\"@type\":\"ListItem\",\"position\":2,\"name\":\"Kontakt\"}]},{\"@type\":\"WebSite\",\"@id\":\"https:\/\/le-bettex.com\/#website\",\"url\":\"https:\/\/le-bettex.com\/\",\"name\":\"Le Bettex\",\"description\":\"\",\"potentialAction\":[{\"@type\":\"SearchAction\",\"target\":{\"@type\":\"EntryPoint\",\"urlTemplate\":\"https:\/\/le-bettex.com\/?s={search_term_string}\"},\"query-input\":{\"@type\":\"PropertyValueSpecification\",\"valueRequired\":true,\"valueName\":\"search_term_string\"}}],\"inLanguage\":\"de\"}]}<\/script>\n<!-- \/ Yoast SEO plugin. -->","yoast_head_json":{"title":"Kontakt - Le Bettex","description":"Nutzen Sie unser Kontakt Formular oder rufen Sie uns an und wir helfen Ihnen gerne weiter bei der Planung Ihres Skiurlaubes.","robots":{"index":"index","follow":"follow","max-snippet":"max-snippet:-1","max-image-preview":"max-image-preview:large","max-video-preview":"max-video-preview:-1"},"canonical":"https:\/\/le-bettex.com\/de\/kontakt\/","og_locale":"de_DE","og_type":"article","og_title":"Kontakt - Le Bettex","og_description":"Nutzen Sie unser Kontakt Formular oder rufen Sie uns an und wir helfen Ihnen gerne weiter bei der Planung Ihres Skiurlaubes.","og_url":"https:\/\/le-bettex.com\/de\/kontakt\/","og_site_name":"Le Bettex","article_modified_time":"2019-09-18T15:56:39+00:00","twitter_card":"summary_large_image","twitter_misc":{"Gesch\u00e4tzte Lesezeit":"2\u00a0Minuten"},"schema":{"@context":"https:\/\/schema.org","@graph":[{"@type":"WebPage","@id":"https:\/\/le-bettex.com\/de\/kontakt\/","url":"https:\/\/le-bettex.com\/de\/kontakt\/","name":"Kontakt - Le Bettex","isPartOf":{"@id":"https:\/\/le-bettex.com\/#website"},"datePublished":"2018-04-11T07:12:31+00:00","dateModified":"2019-09-18T15:56:39+00:00","description":"Nutzen Sie unser Kontakt Formular oder rufen Sie uns an und wir helfen Ihnen gerne weiter bei der Planung Ihres Skiurlaubes.","breadcrumb":{"@id":"https:\/\/le-bettex.com\/de\/kontakt\/#breadcrumb"},"inLanguage":"de","potentialAction":[{"@type":"ReadAction","target":["https:\/\/le-bettex.com\/de\/kontakt\/"]}]},{"@type":"BreadcrumbList","@id":"https:\/\/le-bettex.com\/de\/kontakt\/#breadcrumb","itemListElement":[{"@type":"ListItem","position":1,"name":"Home","item":"https:\/\/le-bettex.com\/de\/"},{"@type":"ListItem","position":2,"name":"Kontakt"}]},{"@type":"WebSite","@id":"https:\/\/le-bettex.com\/#website","url":"https:\/\/le-bettex.com\/","name":"Le Bettex","description":"","potentialAction":[{"@type":"SearchAction","target":{"@type":"EntryPoint","urlTemplate":"https:\/\/le-bettex.com\/?s={search_term_string}"},"query-input":{"@type":"PropertyValueSpecification","valueRequired":true,"valueName":"search_term_string"}}],"inLanguage":"de"}]}},"_links":{"self":[{"href":"https:\/\/le-bettex.com\/de\/wp-json\/wp\/v2\/pages\/984","targetHints":{"allow":["GET"]}}],"collection":[{"href":"https:\/\/le-bettex.com\/de\/wp-json\/wp\/v2\/pages"}],"about":[{"href":"https:\/\/le-bettex.com\/de\/wp-json\/wp\/v2\/types\/page"}],"author":[{"embeddable":true,"href":"https:\/\/le-bettex.com\/de\/wp-json\/wp\/v2\/users\/1"}],"replies":[{"embeddable":true,"href":"https:\/\/le-bettex.com\/de\/wp-json\/wp\/v2\/comments?post=984"}],"version-history":[{"count":0,"href":"https:\/\/le-bettex.com\/de\/wp-json\/wp\/v2\/pages\/984\/revisions"}],"wp:attachment":[{"href":"https:\/\/le-bettex.com\/de\/wp-json\/wp\/v2\/media?parent=984"}],"curies":[{"name":"wp","href":"https:\/\/api.w.org\/{rel}","templated":true}]}}