{"id":2064,"date":"2019-03-23T12:56:34","date_gmt":"2019-03-23T11:56:34","guid":{"rendered":"https:\/\/le-bettex.com\/le-bettex\/"},"modified":"2019-03-28T14:22:52","modified_gmt":"2019-03-28T13:22:52","slug":"le-bettex","status":"publish","type":"page","link":"https:\/\/le-bettex.com\/de\/le-bettex\/","title":{"rendered":"Le Bettex"},"content":{"rendered":"<p>[vc_row][vc_column width=&#8221;11\/12&#8243;][vc_custom_heading text=&#8221;LE BETTEX &#8211; MALERISCHES BERGDORF MITTEN IN DEM 3 VALL\u00c9ES SKIGEBIET (die 3 T\u00e4ler)&#8221; font_container=&#8221;tag:h2|font_size:18px|text_align:left|color:%23242423&#8243; use_theme_fonts=&#8221;yes&#8221; css=&#8221;.vc_custom_1553778852528{margin-top: 0px !important;margin-bottom: 5px !important;}&#8221;][vc_column_text]&nbsp;<\/p>\n<p>Im Bellevilles Tal, in Savoyen gelegen, ist \u201e<strong>le Bettex<\/strong>\u201c ein typisches savoyisches Dorf, das von der touristischen Entwicklung profitiert hat, ohne dabei seine Seele zu verlieren.<\/p>\n<p>Das Dorf liegt auf 1568 m und wird vom Bergfluss Doron durchquert. Aus le Bettex genie\u00dft man einen atemberaubenden Blick auf die Berge von les Menuires und Val Thorens<\/p>\n<p>&nbsp;<\/p>\n<p><strong>Die Lage des Dorfes am Fu\u00dfe der Skipisten ist besonders vorteilhaft.<\/strong><\/p>\n<p><strong>Mit dem 4-Sitzer-Sesselift Bettex erreicht man in 7 Minuten das Ortszentrum von <a href=\"https:\/\/le-bettex.com\/de\/les-menuires\/\">Les Menuires<\/a> und die Skipisten der <a href=\"https:\/\/le-bettex.com\/de\/die-3-taeler-in-frankreich\/\">3 Vall\u00e9es (3 T\u00e4ler)<\/a><\/strong><\/p>\n<p>&nbsp;<\/p>\n<p>Bei Ankunft des Sessellifts ist es m\u00f6glich, das Gebiet des Mont de la Chambre oder die anderen Skiorte der 3 T\u00e4ler (Val Thorens, M\u00e9ribel, Courchevel) oder den Sektor von \u201ela Masse\u201c leicht zu erreichen.<\/p>\n<p>Auf der blauen Ski-Piste Bettex kann man leicht zum Dorf zur\u00fcck fahren. Die Piste ist mit Schneekanonen ausgestattet, so dass man bis zum Ende der Wintersaison nach le Bettex zur\u00fcckkehren kann.<\/p>\n<p>&nbsp;<\/p>\n<p>In le Bettex gibt es 2 Skiverleihe, in denen sich Urlauber mit Skier, Skischuhe oder Snowboard ausr\u00fcsten k\u00f6nnen.<\/p>\n<p>Superm\u00e4rkte, Gesch\u00e4fte, Restaurants, Sportzentrum, Skischule, \u00c4rzte, Apotheke, usw. befinden sich in <a href=\"https:\/\/lesmenuires.com\">les Menuires<\/a> und <a href=\"https:\/\/st-martin-de-belleville.com\">Saint Martin de Belleville<\/a> und sind mit dem Auto schnell erreichbar.<\/p>\n<p>&nbsp;<\/p>\n<p>Sie werden sich vielleicht wundern, warum manchmal Bett<strong>aix<\/strong> geschrieben wird und andere Male Bettex!<\/p>\n<p>Dazu muss gesagt werden, dass die Ein- und Ausfahrtsschilder des Dorfes bis 2018 zwei verschiedene Schreibweisen hatten! Die Wahl ist 2018 auf <strong>Bettex<\/strong> gefallen!<\/p>\n<p>&nbsp;<\/p>\n<p>Zum Schluss darf unser lokaler Biathlon-Meister &#8211; <strong>Vincent Jay<\/strong> \u2013 nicht vergessen werden. Er hat bei den Olympischen Winterspielen 2010 in Vancouver eine Goldmedaille im Sprint und eine Bronzemedaille in der Verfolgung gewonnen.<\/p>\n<p>&nbsp;<\/p>\n<p><strong><u>Le Bettex in K\u00fcrze<\/u><\/strong><\/p>\n<ul>\n<li>Lage auf 1568m H\u00f6he<\/li>\n<li>Am Fu\u00dfe der Skipisten von les Menuires \u2013 3 Vall\u00e9es<\/li>\n<li>Optimale Anbindung an das Gesamtgebiet mit dem 4er-Sessellift Bettex<\/li>\n<li>Blaue Piste Bettex f\u00fchrt zum Dorf zur\u00fcck<\/li>\n<li>2 Skiverleihshops<\/li>\n<li>Superm\u00e4rkte, Gesch\u00e4fte, Sport Zentrum, Skischule, \u00c4rzte, etc. befinden sich in les Menuires und St Martin in 5 km Entfernung<\/li>\n<\/ul>\n<p>[\/vc_column_text][vc_column_text css=&#8221;.vc_custom_1553779333018{border-radius: 2px !important;}&#8221;]<\/p>\n<h4><a href=\"https:\/\/lesmenuires.com\/r\/!\/u\/VYtCqnv\" target=\"_blank\" rel=\"noopener noreferrer\">\u00bb les Menuires\/ St Martin Pistenplan herunterladen<\/a><\/h4>\n<p>[\/vc_column_text][\/vc_column][vc_column][\/vc_column][\/vc_row][vc_row][vc_column][vc_images_carousel images=&#8221;2033,2024,1385,2030,2027,2043,2055,2018,2021&#8243; img_size=&#8221;800&#215;400&#8243; wrap=&#8221;yes&#8221; title=&#8221;Fotos von le Bettex&#8221;][\/vc_column][\/vc_row]<\/p>\n","protected":false},"excerpt":{"rendered":"<p>[vc_row][vc_column width=&#8221;11\/12&#8243;][vc_custom_heading text=&#8221;LE BETTEX &#8211; MALERISCHES BERGDORF MITTEN IN DEM 3 VALL\u00c9ES SKIGEBIET (die 3 T\u00e4ler)&#8221; font_container=&#8221;tag:h2|font_size:18px|text_align:left|color:%23242423&#8243; use_theme_fonts=&#8221;yes&#8221; css=&#8221;.vc_custom_1553778852528{margin-top: 0px !important;margin-bottom: 5px !important;}&#8221;][vc_column_text]&nbsp; Im Bellevilles Tal, in Savoyen gelegen, ist \u201ele Bettex\u201c ein typisches savoyisches Dorf, das von der touristischen Entwicklung profitiert hat, ohne dabei seine Seele zu verlieren. Das Dorf liegt auf 1568 m &hellip; <br \/><a href=\"https:\/\/le-bettex.com\/de\/le-bettex\/\" class=\"more-link\">Continue reading <span class=\"screen-reader-text\">Le Bettex<\/span><\/a><\/p>\n","protected":false},"author":2,"featured_media":0,"parent":0,"menu_order":0,"comment_status":"closed","ping_status":"closed","template":"","meta":{"_acf_changed":false,"footnotes":""},"class_list":["post-2064","page","type-page","status-publish","hentry"],"acf":[],"yoast_head":"<!-- This site is optimized with the Yoast SEO plugin v25.0 - https:\/\/yoast.com\/wordpress\/plugins\/seo\/ -->\n<title>Le Bettex - Le Bettex<\/title>\n<meta name=\"robots\" content=\"index, follow, max-snippet:-1, max-image-preview:large, max-video-preview:-1\" \/>\n<link rel=\"canonical\" href=\"https:\/\/le-bettex.com\/le-bettex\/\" \/>\n<meta property=\"og:locale\" content=\"de_DE\" \/>\n<meta property=\"og:type\" content=\"article\" \/>\n<meta property=\"og:title\" content=\"Le Bettex - Le Bettex\" \/>\n<meta property=\"og:description\" content=\"[vc_row][vc_column width=&#8221;11\/12&#8243;][vc_custom_heading text=&#8221;LE BETTEX &#8211; MALERISCHES BERGDORF MITTEN IN DEM 3 VALL\u00c9ES SKIGEBIET (die 3 T\u00e4ler)&#8221; font_container=&#8221;tag:h2|font_size:18px|text_align:left|color:%23242423&#8243; use_theme_fonts=&#8221;yes&#8221; css=&#8221;.vc_custom_1553778852528{margin-top: 0px !important;margin-bottom: 5px !important;}&#8221;][vc_column_text]&nbsp; Im Bellevilles Tal, in Savoyen gelegen, ist \u201ele Bettex\u201c ein typisches savoyisches Dorf, das von der touristischen Entwicklung profitiert hat, ohne dabei seine Seele zu verlieren. Das Dorf liegt auf 1568 m &hellip; Continue reading Le Bettex\" \/>\n<meta property=\"og:url\" content=\"https:\/\/le-bettex.com\/le-bettex\/\" \/>\n<meta property=\"og:site_name\" content=\"Le Bettex\" \/>\n<meta property=\"article:modified_time\" content=\"2019-03-28T13:22:52+00:00\" \/>\n<meta name=\"twitter:card\" content=\"summary_large_image\" \/>\n<meta name=\"twitter:label1\" content=\"Gesch\u00e4tzte Lesezeit\" \/>\n\t<meta name=\"twitter:data1\" content=\"2\u00a0Minuten\" \/>\n<script type=\"application\/ld+json\" class=\"yoast-schema-graph\">{\"@context\":\"https:\/\/schema.org\",\"@graph\":[{\"@type\":\"WebPage\",\"@id\":\"https:\/\/le-bettex.com\/le-bettex\/\",\"url\":\"https:\/\/le-bettex.com\/le-bettex\/\",\"name\":\"Le Bettex - Le Bettex\",\"isPartOf\":{\"@id\":\"https:\/\/le-bettex.com\/#website\"},\"datePublished\":\"2019-03-23T11:56:34+00:00\",\"dateModified\":\"2019-03-28T13:22:52+00:00\",\"breadcrumb\":{\"@id\":\"https:\/\/le-bettex.com\/le-bettex\/#breadcrumb\"},\"inLanguage\":\"de\",\"potentialAction\":[{\"@type\":\"ReadAction\",\"target\":[\"https:\/\/le-bettex.com\/le-bettex\/\"]}]},{\"@type\":\"BreadcrumbList\",\"@id\":\"https:\/\/le-bettex.com\/le-bettex\/#breadcrumb\",\"itemListElement\":[{\"@type\":\"ListItem\",\"position\":1,\"name\":\"Home\",\"item\":\"https:\/\/le-bettex.com\/de\/\"},{\"@type\":\"ListItem\",\"position\":2,\"name\":\"Le Bettex\"}]},{\"@type\":\"WebSite\",\"@id\":\"https:\/\/le-bettex.com\/#website\",\"url\":\"https:\/\/le-bettex.com\/\",\"name\":\"Le Bettex\",\"description\":\"\",\"potentialAction\":[{\"@type\":\"SearchAction\",\"target\":{\"@type\":\"EntryPoint\",\"urlTemplate\":\"https:\/\/le-bettex.com\/?s={search_term_string}\"},\"query-input\":{\"@type\":\"PropertyValueSpecification\",\"valueRequired\":true,\"valueName\":\"search_term_string\"}}],\"inLanguage\":\"de\"}]}<\/script>\n<!-- \/ Yoast SEO plugin. -->","yoast_head_json":{"title":"Le Bettex - Le Bettex","robots":{"index":"index","follow":"follow","max-snippet":"max-snippet:-1","max-image-preview":"max-image-preview:large","max-video-preview":"max-video-preview:-1"},"canonical":"https:\/\/le-bettex.com\/le-bettex\/","og_locale":"de_DE","og_type":"article","og_title":"Le Bettex - Le Bettex","og_description":"[vc_row][vc_column width=&#8221;11\/12&#8243;][vc_custom_heading text=&#8221;LE BETTEX &#8211; MALERISCHES BERGDORF MITTEN IN DEM 3 VALL\u00c9ES SKIGEBIET (die 3 T\u00e4ler)&#8221; font_container=&#8221;tag:h2|font_size:18px|text_align:left|color:%23242423&#8243; use_theme_fonts=&#8221;yes&#8221; css=&#8221;.vc_custom_1553778852528{margin-top: 0px !important;margin-bottom: 5px !important;}&#8221;][vc_column_text]&nbsp; Im Bellevilles Tal, in Savoyen gelegen, ist \u201ele Bettex\u201c ein typisches savoyisches Dorf, das von der touristischen Entwicklung profitiert hat, ohne dabei seine Seele zu verlieren. Das Dorf liegt auf 1568 m &hellip; Continue reading Le Bettex","og_url":"https:\/\/le-bettex.com\/le-bettex\/","og_site_name":"Le Bettex","article_modified_time":"2019-03-28T13:22:52+00:00","twitter_card":"summary_large_image","twitter_misc":{"Gesch\u00e4tzte Lesezeit":"2\u00a0Minuten"},"schema":{"@context":"https:\/\/schema.org","@graph":[{"@type":"WebPage","@id":"https:\/\/le-bettex.com\/le-bettex\/","url":"https:\/\/le-bettex.com\/le-bettex\/","name":"Le Bettex - Le Bettex","isPartOf":{"@id":"https:\/\/le-bettex.com\/#website"},"datePublished":"2019-03-23T11:56:34+00:00","dateModified":"2019-03-28T13:22:52+00:00","breadcrumb":{"@id":"https:\/\/le-bettex.com\/le-bettex\/#breadcrumb"},"inLanguage":"de","potentialAction":[{"@type":"ReadAction","target":["https:\/\/le-bettex.com\/le-bettex\/"]}]},{"@type":"BreadcrumbList","@id":"https:\/\/le-bettex.com\/le-bettex\/#breadcrumb","itemListElement":[{"@type":"ListItem","position":1,"name":"Home","item":"https:\/\/le-bettex.com\/de\/"},{"@type":"ListItem","position":2,"name":"Le Bettex"}]},{"@type":"WebSite","@id":"https:\/\/le-bettex.com\/#website","url":"https:\/\/le-bettex.com\/","name":"Le Bettex","description":"","potentialAction":[{"@type":"SearchAction","target":{"@type":"EntryPoint","urlTemplate":"https:\/\/le-bettex.com\/?s={search_term_string}"},"query-input":{"@type":"PropertyValueSpecification","valueRequired":true,"valueName":"search_term_string"}}],"inLanguage":"de"}]}},"_links":{"self":[{"href":"https:\/\/le-bettex.com\/de\/wp-json\/wp\/v2\/pages\/2064","targetHints":{"allow":["GET"]}}],"collection":[{"href":"https:\/\/le-bettex.com\/de\/wp-json\/wp\/v2\/pages"}],"about":[{"href":"https:\/\/le-bettex.com\/de\/wp-json\/wp\/v2\/types\/page"}],"author":[{"embeddable":true,"href":"https:\/\/le-bettex.com\/de\/wp-json\/wp\/v2\/users\/2"}],"replies":[{"embeddable":true,"href":"https:\/\/le-bettex.com\/de\/wp-json\/wp\/v2\/comments?post=2064"}],"version-history":[{"count":0,"href":"https:\/\/le-bettex.com\/de\/wp-json\/wp\/v2\/pages\/2064\/revisions"}],"wp:attachment":[{"href":"https:\/\/le-bettex.com\/de\/wp-json\/wp\/v2\/media?parent=2064"}],"curies":[{"name":"wp","href":"https:\/\/api.w.org\/{rel}","templated":true}]}}