{"id":1459,"date":"2018-09-27T10:15:46","date_gmt":"2018-09-27T08:15:46","guid":{"rendered":"https:\/\/le-bettex.com\/les-menuires\/"},"modified":"2023-06-14T12:43:07","modified_gmt":"2023-06-14T10:43:07","slug":"les-menuires","status":"publish","type":"page","link":"https:\/\/le-bettex.com\/de\/les-menuires\/","title":{"rendered":"Les Menuires"},"content":{"rendered":"<p>[vc_row][vc_column width=&#8221;11\/12&#8243;][vc_single_image image=&#8221;1533&#8243; img_size=&#8221;medium&#8221;][vc_custom_heading text=&#8221;LES MENUIRES-<br \/>\nIN DEN 3 T\u00c4LER \/ TROIS VALL\u00c9ES &#8211; FRANKREICH&#8221; font_container=&#8221;tag:h2|font_size:18px|text_align:left|color:%23242423&#8243; use_theme_fonts=&#8221;yes&#8221; css=&#8221;.vc_custom_1571236488595{margin-top: 0px !important;margin-bottom: 5px !important;}&#8221;][vc_column_text]Auf 1850 m H\u00f6he ist Les Menuires ein Paradies f\u00fcr Skifahrer und Erholungssuchende. Unvergessliche Abfahrten auf Pisten f\u00fcr alle K\u00f6nnerstufen und speziell f\u00fcr Kinder und Anf\u00e4nger entwickelte Bereiche. Das Skigebiet Les Menuires \/ Saint Martin bietet eine unglaublich gro\u00dfe Freiheit f\u00fcr das Freizeitskifahren.<\/p>\n<p>Von Les Menuires aus k\u00f6nnen Sie in alle Richtungen Ski fahren: Richtung S\u00fcden geht es nach Val Thorens (bis zu 3 230 m) den Skiort mit den besten Schneeverh\u00e4ltnissen des Skigebiets <a href=\"https:\/\/le-bettex.com\/de\/die-3-taeler-in-frankreich\/\"><strong>3 Vall\u00e9es<\/strong><\/a>; nach Westen zur Bergkette La Masse mit anspruchsvollen Skipisten und Freeride-Pisten (wir empfehlen einen Skilehrer\/ Bergf\u00fchrer f\u00fcr das Skifahren abseits der Pisten) ; nach Norden geht es zum gem\u00fctlichen Bergdorf Saint Martin de Belleville (1400 m), das durch einfache und mittlere Skipisten erreichbar ist; nach Osten zu den beiden anderen T\u00e4lern der 3 Vall\u00e9es, Meribel und Courchevel.<\/p>\n<p>Es gibt viele typische D\u00f6rfer in der N\u00e4he von les Menuires, die mehr Charme und Authentizit\u00e4t bieten.<br \/>\n<strong><a href=\"https:\/\/le-bettex.com\/de\/le-bettex\/\">Le Bettex<\/a> <\/strong>ist eins von diesen D\u00f6rfer. Es liegt etwas unterhalb von les Menuires und verf\u00fcgt \u00fcber einen Sessellift und eine blaue Piste von\/ nach les Menuires.[\/vc_column_text][vc_column_text css=&#8221;.vc_custom_1686739382889{border-radius: 2px !important;}&#8221;]<\/p>\n<h4><a href=\"https:\/\/static.lesmenuires.com\/files\/plan-pistes-Menuires-Saint-Martin.pdf\">\u00bb les Menuires\/ St Martin&#8217;s\u00a0 Pistenplan herunterladen<\/a><\/h4>\n<p>[\/vc_column_text][vc_video link=&#8221;https:\/\/youtu.be\/G_qvgEayPoY&#8221;][vc_hoverbox image=&#8221;1406&#8243; primary_title=&#8221;Skip\u00e4sse und Skiverleih zu Sonderkonditionen&#8221; primary_title_google_fonts=&#8221;font_family:Acme%3Aregular|font_style:400%20regular%3A400%3Anormal&#8221; hover_title=&#8221;Sparen Sie Zeit und Geld&#8221; use_custom_fonts_primary_title=&#8221;true&#8221;]<\/p>\n<p style=\"text-align: center;\"><strong>Ihre Skip\u00e4sse und Skier k\u00f6nnen Sie direkt bei uns buchen!<\/strong><\/p>\n<div class=\"su-list su-list-style-\">\n<ul>\n<li>Kein Anstellen bei der Liftkasse am Anreisetag, Ihre Skip\u00e4sse werden Ihnen direkt im Chalet \u00fcbergeben.<\/li>\n<li>Sie sparen bis 51 \u20ac pro Person auf den 3 Vall\u00e9es 6-Tage-Skipass.<\/li>\n<li>Skiverleih 30m von den Chalets<\/li>\n<\/ul>\n<p>Kontakt : <a href=\"mailto: info@le-bettex.com\">info@le-bettex.com<\/a><\/p>\n<\/div>\n<p>[\/vc_hoverbox][\/vc_column][\/vc_row]<\/p>\n","protected":false},"excerpt":{"rendered":"<p>[vc_row][vc_column width=&#8221;11\/12&#8243;][vc_single_image image=&#8221;1533&#8243; img_size=&#8221;medium&#8221;][vc_custom_heading text=&#8221;LES MENUIRES- IN DEN 3 T\u00c4LER \/ TROIS VALL\u00c9ES &#8211; FRANKREICH&#8221; font_container=&#8221;tag:h2|font_size:18px|text_align:left|color:%23242423&#8243; use_theme_fonts=&#8221;yes&#8221; css=&#8221;.vc_custom_1571236488595{margin-top: 0px !important;margin-bottom: 5px !important;}&#8221;][vc_column_text]Auf 1850 m H\u00f6he ist Les Menuires ein Paradies f\u00fcr Skifahrer und Erholungssuchende. Unvergessliche Abfahrten auf Pisten f\u00fcr alle K\u00f6nnerstufen und speziell f\u00fcr Kinder und Anf\u00e4nger entwickelte Bereiche. Das Skigebiet Les Menuires \/ Saint &hellip; <br \/><a href=\"https:\/\/le-bettex.com\/de\/les-menuires\/\" class=\"more-link\">Continue reading <span class=\"screen-reader-text\">Les Menuires<\/span><\/a><\/p>\n","protected":false},"author":1,"featured_media":0,"parent":0,"menu_order":0,"comment_status":"closed","ping_status":"closed","template":"","meta":{"_acf_changed":false,"footnotes":""},"class_list":["post-1459","page","type-page","status-publish","hentry"],"acf":[],"yoast_head":"<!-- This site is optimized with the Yoast SEO plugin v25.0 - https:\/\/yoast.com\/wordpress\/plugins\/seo\/ -->\n<title>Les Menuires perfektes Skigebiet in den 3 Vall\u00e9es - Le Bettex<\/title>\n<meta name=\"description\" content=\"Das Skigebiet Les Menuires ist ein Paradies f\u00fcr alle Skifahrer. Von unseren Chalets erreichen Sie direkt die Ski Pisten von Les Menuires - 3 Vall\u00e9es.\" \/>\n<meta name=\"robots\" content=\"index, follow, max-snippet:-1, max-image-preview:large, max-video-preview:-1\" \/>\n<link rel=\"canonical\" href=\"https:\/\/le-bettex.com\/les-menuires\/\" \/>\n<meta property=\"og:locale\" content=\"de_DE\" \/>\n<meta property=\"og:type\" content=\"article\" \/>\n<meta property=\"og:title\" content=\"Les Menuires perfektes Skigebiet in den 3 Vall\u00e9es - Le Bettex\" \/>\n<meta property=\"og:description\" content=\"Das Skigebiet Les Menuires ist ein Paradies f\u00fcr alle Skifahrer. Von unseren Chalets erreichen Sie direkt die Ski Pisten von Les Menuires - 3 Vall\u00e9es.\" \/>\n<meta property=\"og:url\" content=\"https:\/\/le-bettex.com\/les-menuires\/\" \/>\n<meta property=\"og:site_name\" content=\"Le Bettex\" \/>\n<meta property=\"article:modified_time\" content=\"2023-06-14T10:43:07+00:00\" \/>\n<meta name=\"twitter:card\" content=\"summary_large_image\" \/>\n<meta name=\"twitter:label1\" content=\"Gesch\u00e4tzte Lesezeit\" \/>\n\t<meta name=\"twitter:data1\" content=\"2\u00a0Minuten\" \/>\n<script type=\"application\/ld+json\" class=\"yoast-schema-graph\">{\"@context\":\"https:\/\/schema.org\",\"@graph\":[{\"@type\":\"WebPage\",\"@id\":\"https:\/\/le-bettex.com\/les-menuires\/\",\"url\":\"https:\/\/le-bettex.com\/les-menuires\/\",\"name\":\"Les Menuires perfektes Skigebiet in den 3 Vall\u00e9es - Le Bettex\",\"isPartOf\":{\"@id\":\"https:\/\/le-bettex.com\/#website\"},\"datePublished\":\"2018-09-27T08:15:46+00:00\",\"dateModified\":\"2023-06-14T10:43:07+00:00\",\"description\":\"Das Skigebiet Les Menuires ist ein Paradies f\u00fcr alle Skifahrer. Von unseren Chalets erreichen Sie direkt die Ski Pisten von Les Menuires - 3 Vall\u00e9es.\",\"breadcrumb\":{\"@id\":\"https:\/\/le-bettex.com\/les-menuires\/#breadcrumb\"},\"inLanguage\":\"de\",\"potentialAction\":[{\"@type\":\"ReadAction\",\"target\":[\"https:\/\/le-bettex.com\/les-menuires\/\"]}]},{\"@type\":\"BreadcrumbList\",\"@id\":\"https:\/\/le-bettex.com\/les-menuires\/#breadcrumb\",\"itemListElement\":[{\"@type\":\"ListItem\",\"position\":1,\"name\":\"Home\",\"item\":\"https:\/\/le-bettex.com\/de\/\"},{\"@type\":\"ListItem\",\"position\":2,\"name\":\"Les Menuires\"}]},{\"@type\":\"WebSite\",\"@id\":\"https:\/\/le-bettex.com\/#website\",\"url\":\"https:\/\/le-bettex.com\/\",\"name\":\"Le Bettex\",\"description\":\"\",\"potentialAction\":[{\"@type\":\"SearchAction\",\"target\":{\"@type\":\"EntryPoint\",\"urlTemplate\":\"https:\/\/le-bettex.com\/?s={search_term_string}\"},\"query-input\":{\"@type\":\"PropertyValueSpecification\",\"valueRequired\":true,\"valueName\":\"search_term_string\"}}],\"inLanguage\":\"de\"}]}<\/script>\n<!-- \/ Yoast SEO plugin. -->","yoast_head_json":{"title":"Les Menuires perfektes Skigebiet in den 3 Vall\u00e9es - Le Bettex","description":"Das Skigebiet Les Menuires ist ein Paradies f\u00fcr alle Skifahrer. Von unseren Chalets erreichen Sie direkt die Ski Pisten von Les Menuires - 3 Vall\u00e9es.","robots":{"index":"index","follow":"follow","max-snippet":"max-snippet:-1","max-image-preview":"max-image-preview:large","max-video-preview":"max-video-preview:-1"},"canonical":"https:\/\/le-bettex.com\/les-menuires\/","og_locale":"de_DE","og_type":"article","og_title":"Les Menuires perfektes Skigebiet in den 3 Vall\u00e9es - Le Bettex","og_description":"Das Skigebiet Les Menuires ist ein Paradies f\u00fcr alle Skifahrer. Von unseren Chalets erreichen Sie direkt die Ski Pisten von Les Menuires - 3 Vall\u00e9es.","og_url":"https:\/\/le-bettex.com\/les-menuires\/","og_site_name":"Le Bettex","article_modified_time":"2023-06-14T10:43:07+00:00","twitter_card":"summary_large_image","twitter_misc":{"Gesch\u00e4tzte Lesezeit":"2\u00a0Minuten"},"schema":{"@context":"https:\/\/schema.org","@graph":[{"@type":"WebPage","@id":"https:\/\/le-bettex.com\/les-menuires\/","url":"https:\/\/le-bettex.com\/les-menuires\/","name":"Les Menuires perfektes Skigebiet in den 3 Vall\u00e9es - Le Bettex","isPartOf":{"@id":"https:\/\/le-bettex.com\/#website"},"datePublished":"2018-09-27T08:15:46+00:00","dateModified":"2023-06-14T10:43:07+00:00","description":"Das Skigebiet Les Menuires ist ein Paradies f\u00fcr alle Skifahrer. Von unseren Chalets erreichen Sie direkt die Ski Pisten von Les Menuires - 3 Vall\u00e9es.","breadcrumb":{"@id":"https:\/\/le-bettex.com\/les-menuires\/#breadcrumb"},"inLanguage":"de","potentialAction":[{"@type":"ReadAction","target":["https:\/\/le-bettex.com\/les-menuires\/"]}]},{"@type":"BreadcrumbList","@id":"https:\/\/le-bettex.com\/les-menuires\/#breadcrumb","itemListElement":[{"@type":"ListItem","position":1,"name":"Home","item":"https:\/\/le-bettex.com\/de\/"},{"@type":"ListItem","position":2,"name":"Les Menuires"}]},{"@type":"WebSite","@id":"https:\/\/le-bettex.com\/#website","url":"https:\/\/le-bettex.com\/","name":"Le Bettex","description":"","potentialAction":[{"@type":"SearchAction","target":{"@type":"EntryPoint","urlTemplate":"https:\/\/le-bettex.com\/?s={search_term_string}"},"query-input":{"@type":"PropertyValueSpecification","valueRequired":true,"valueName":"search_term_string"}}],"inLanguage":"de"}]}},"_links":{"self":[{"href":"https:\/\/le-bettex.com\/de\/wp-json\/wp\/v2\/pages\/1459","targetHints":{"allow":["GET"]}}],"collection":[{"href":"https:\/\/le-bettex.com\/de\/wp-json\/wp\/v2\/pages"}],"about":[{"href":"https:\/\/le-bettex.com\/de\/wp-json\/wp\/v2\/types\/page"}],"author":[{"embeddable":true,"href":"https:\/\/le-bettex.com\/de\/wp-json\/wp\/v2\/users\/1"}],"replies":[{"embeddable":true,"href":"https:\/\/le-bettex.com\/de\/wp-json\/wp\/v2\/comments?post=1459"}],"version-history":[{"count":3,"href":"https:\/\/le-bettex.com\/de\/wp-json\/wp\/v2\/pages\/1459\/revisions"}],"predecessor-version":[{"id":4370,"href":"https:\/\/le-bettex.com\/de\/wp-json\/wp\/v2\/pages\/1459\/revisions\/4370"}],"wp:attachment":[{"href":"https:\/\/le-bettex.com\/de\/wp-json\/wp\/v2\/media?parent=1459"}],"curies":[{"name":"wp","href":"https:\/\/api.w.org\/{rel}","templated":true}]}}